{"id":188,"date":"2024-06-01T10:42:51","date_gmt":"2024-06-01T07:42:51","guid":{"rendered":"https:\/\/itbusiness.liquid-themes.com\/elementor\/?page_id=188"},"modified":"2025-08-04T14:11:37","modified_gmt":"2025-08-04T11:11:37","slug":"hakkimizda","status":"publish","type":"page","link":"https:\/\/matger.com\/tr\/hakkimizda\/","title":{"rendered":"Hakk\u0131m\u0131zda"},"content":{"rendered":"\t\t<div data-elementor-type=\"wp-page\" data-elementor-id=\"188\" class=\"elementor elementor-188\">\n\t\t\t\t\t\t\t\t\t<section class=\"elementor-section elementor-top-section elementor-element elementor-element-37c4ad1 elementor-section-boxed elementor-section-height-default elementor-section-height-default\" data-id=\"37c4ad1\" data-element_type=\"section\" data-settings=\"{&quot;background_background&quot;:&quot;classic&quot;}\">\n\t\t\t\t\t\t\t<div class=\"elementor-background-overlay\"><\/div>\n\t\t\t\t\t\t\t<div class=\"elementor-container elementor-column-gap-default\">\n\t\t\t\t\t<div class=\"elementor-column elementor-col-100 elementor-top-column elementor-element elementor-element-f6fdba7\" data-id=\"f6fdba7\" data-element_type=\"column\">\n\t\t\t<div class=\"elementor-widget-wrap elementor-element-populated\">\n\t\t\t\t\t\t\t\t<section class=\"elementor-section elementor-inner-section elementor-element elementor-element-6567768 elementor-section-boxed elementor-section-height-default elementor-section-height-default\" data-id=\"6567768\" data-element_type=\"section\">\n\t\t\t\t\t\t<div class=\"elementor-container elementor-column-gap-default\">\n\t\t\t\t\t<div class=\"elementor-column elementor-col-50 elementor-inner-column elementor-element elementor-element-1807085\" data-id=\"1807085\" data-element_type=\"column\">\n\t\t\t<div class=\"elementor-widget-wrap elementor-element-populated\">\n\t\t\t\t\t\t\t\t<div class=\"elementor-element elementor-element-02e1584 elementor-widget elementor-widget-hub_fancy_heading\" data-id=\"02e1584\" data-element_type=\"widget\" data-widget_type=\"hub_fancy_heading.default\">\n\t\t\t\t<div class=\"elementor-widget-container\">\n\t\t\t\n\t\t<div id=\"ld-fancy-heading-6a06001b07596\" class=\"ld-fancy-heading pos-rel\">\n\t\t\t<h3 class=\"ld-fh-element d-inline-block pos-rel elementor-heading-title lqd-highlight-classic lqd-highlight-grow-left h3\"  > Hakk\u0131m\u0131zda<BR>\n<\/h3>\t\t<\/div>\n\n\t\t\t\t<\/div>\n\t\t\t\t<\/div>\n\t\t\t\t\t<\/div>\n\t\t<\/div>\n\t\t\t\t<div class=\"elementor-column elementor-col-50 elementor-inner-column elementor-element elementor-element-94ee2de\" data-id=\"94ee2de\" data-element_type=\"column\">\n\t\t\t<div class=\"elementor-widget-wrap\">\n\t\t\t\t\t\t\t\t\t<\/div>\n\t\t<\/div>\n\t\t\t\t\t\t\t<\/div>\n\t\t<\/section>\n\t\t\t\t\t<\/div>\n\t\t<\/div>\n\t\t\t\t\t\t\t<\/div>\n\t\t<\/section>\n\t\t\t\t<section class=\"elementor-section elementor-top-section elementor-element elementor-element-3788521 elementor-section-boxed elementor-section-height-default elementor-section-height-default\" data-id=\"3788521\" data-element_type=\"section\" id=\"business-consultation\" data-settings=\"{&quot;background_background&quot;:&quot;classic&quot;}\">\n\t\t\t\t\t\t<div class=\"elementor-container elementor-column-gap-default\">\n\t\t\t\t\t<div class=\"elementor-column elementor-col-50 elementor-top-column elementor-element elementor-element-d7211a3\" data-id=\"d7211a3\" data-element_type=\"column\">\n\t\t\t<div class=\"elementor-widget-wrap elementor-element-populated\">\n\t\t\t\t\t\t\t\t<div class=\"elementor-element elementor-element-71259ca elementor-widget elementor-widget-ld_fancy_image\" data-id=\"71259ca\" data-element_type=\"widget\" data-widget_type=\"ld_fancy_image.default\">\n\t\t\t\t<div class=\"elementor-widget-container\">\n\t\t\t\n\t\t\t<div class=\"lqd-imggrp-single d-block pos-rel\"   >\n\t\t\t\t\n\t\t\t<div class=\"lqd-imggrp-img-container d-inline-flex pos-rel align-items-center justify-content-center\">\n\t\t\t\t\t\t\t\t<figure class=\"w-100 pos-rel\"   >\n\t\t\t\t\t<img decoding=\"async\" width=\"1200\" height=\"800\" src=\"https:\/\/matger.com\/tr\/wp-content\/uploads\/matger-matbaa-bursa.jpg\" class=\"attachment-full size-full\" alt=\"\" srcset=\"https:\/\/matger.com\/tr\/wp-content\/uploads\/matger-matbaa-bursa.jpg 1200w, https:\/\/matger.com\/tr\/wp-content\/uploads\/matger-matbaa-bursa-300x200.jpg 300w, https:\/\/matger.com\/tr\/wp-content\/uploads\/matger-matbaa-bursa-1024x683.jpg 1024w, https:\/\/matger.com\/tr\/wp-content\/uploads\/matger-matbaa-bursa-720x480.jpg 720w\" sizes=\"(max-width: 1200px) 100vw, 1200px\" itemprop=\"image\" \/>\t\t\t\t\t\t\t\t\t\t\t\t\t\t\t\t\t\t\t\t\t\t\t\t\t\t\t\t\t<\/figure>\n\t\t\t\t\t\n\t\t\t<\/div>\n\t\t<\/div>\n\n\t\t\t<\/div>\n\t\t\t\t<\/div>\n\t\t\t\t\t<\/div>\n\t\t<\/div>\n\t\t\t\t<div class=\"elementor-column elementor-col-50 elementor-top-column elementor-element elementor-element-a692e85\" data-id=\"a692e85\" data-element_type=\"column\">\n\t\t\t<div class=\"elementor-widget-wrap elementor-element-populated\">\n\t\t\t\t\t\t\t\t<div class=\"elementor-element elementor-element-66158eb elementor-widget elementor-widget-hub_fancy_heading\" data-id=\"66158eb\" data-element_type=\"widget\" data-widget_type=\"hub_fancy_heading.default\">\n\t\t\t\t<div class=\"elementor-widget-container\">\n\t\t\t\n\t\t<div id=\"ld-fancy-heading-6a06001b0c9b8\" class=\"ld-fancy-heading pos-rel\">\n\t\t\t<h2 class=\"ld-fh-element d-inline-block pos-rel elementor-heading-title lqd-highlight-classic lqd-highlight-grow-left h2\"  > MATGER MATBAA<\/h2>\t\t<\/div>\n\n\t\t\t\t<\/div>\n\t\t\t\t<\/div>\n\t\t\t\t<div class=\"elementor-element elementor-element-1e826c2 elementor-widget elementor-widget-hub_fancy_heading\" data-id=\"1e826c2\" data-element_type=\"widget\" data-widget_type=\"hub_fancy_heading.default\">\n\t\t\t\t<div class=\"elementor-widget-container\">\n\t\t\t\n\t\t<div id=\"ld-fancy-heading-6a06001b0d8f7\" class=\"ld-fancy-heading pos-rel\">\n\t\t\t<h2 class=\"ld-fh-element d-inline-block pos-rel elementor-heading-title lqd-highlight-classic lqd-highlight-grow-left h2\"  > 1995'ten Bug\u00fcne Kalite ve G\u00fcvenin Simgesi<\/h2>\t\t<\/div>\n\n\t\t\t\t<\/div>\n\t\t\t\t<\/div>\n\t\t\t\t\t<\/div>\n\t\t<\/div>\n\t\t\t\t\t\t\t<\/div>\n\t\t<\/section>\n\t\t\t\t<section class=\"elementor-section elementor-top-section elementor-element elementor-element-4778a72 elementor-section-boxed elementor-section-height-default elementor-section-height-default\" data-id=\"4778a72\" data-element_type=\"section\">\n\t\t\t\t\t\t\t<div class=\"elementor-background-overlay\"><\/div>\n\t\t\t\t\t\t\t<div class=\"elementor-container elementor-column-gap-default\">\n\t\t\t\t\t<div class=\"lqd-css-sticky-column elementor-column elementor-col-50 elementor-top-column elementor-element elementor-element-9706d87 elementor-hidden-tablet elementor-hidden-mobile\" style=\"--lqd-sticky-offset:30px\" data-id=\"9706d87\" data-element_type=\"column\" data-settings=\"{&quot;background_background&quot;:&quot;classic&quot;}\">\n\t\t\t<div class=\"elementor-widget-wrap elementor-element-populated\">\n\t\t\t\t\t\t\t\t<div class=\"elementor-element elementor-element-7358210 elementor-widget elementor-widget-hub_fancy_heading\" data-id=\"7358210\" data-element_type=\"widget\" data-widget_type=\"hub_fancy_heading.default\">\n\t\t\t\t<div class=\"elementor-widget-container\">\n\t\t\t\n\t\t<div id=\"ld-fancy-heading-6a06001b0f594\" class=\"ld-fancy-heading pos-rel\">\n\t\t\t<h6 class=\"ld-fh-element d-inline-block pos-rel elementor-heading-title lqd-highlight-classic lqd-highlight-grow-left h6\"  > Kurumsal<\/h6>\t\t<\/div>\n\n\t\t\t\t<\/div>\n\t\t\t\t<\/div>\n\t\t\t\t<div class=\"elementor-element elementor-element-90fe34e elementor-widget elementor-widget-ld_custom_menu\" data-id=\"90fe34e\" data-element_type=\"widget\" data-widget_type=\"ld_custom_menu.default\">\n\t\t\t\t<div class=\"elementor-widget-container\">\n\t\t\t\n\t\t\t<div  \n\t\t\t\tclass=\"lqd-fancy-menu lqd-custom-menu pos-rel menu-items-has-fill left lqd-menu-td-none\"\n\t\t\t\t\t\t\t>\n\t\t\t\n\t\t\t\t\t\t\t<ul class=\"reset-ul\" id=\"90fe34e\"  data-localscroll=\"true\" data-localscroll-options=\"{&quot;itemsSelector&quot;:&quot;&gt; li &gt; a&quot;,&quot;trackWindowScroll&quot;:true,&quot;includeParentAsOffset&quot;:false,&quot;offsetElements&quot;:&quot;[data-sticky-header] .lqd-head-sec-wrap:not(.lqd-hide-onstuck), #wpadminbar, body.elementor-page .main-header[data-sticky-header] &gt; .elementor &gt; .elementor-section-wrap &gt; .elementor-section:not(.lqd-hide-onstuck):not(.lqd-stickybar-wrap), body.elementor-page .main-header[data-sticky-header] &gt; .elementor &gt; .elementor-section:not(.lqd-hide-onstuck):not(.lqd-stickybar-wrap)&quot;}\">\n\t\t\t\t\n\t\t\t\t\t\t<li>\n\t\t\t\t\t\t\t<a  href=\"\/tr\/hakkimizda\" target=\"_self\" > \n\n\t\t\t\t\t\t\t\t\t\t\t\t\t\t\t\t\t<span class=\"link-icon d-inline-flex hide-if-empty left-icon icon-next-to-label\"><i aria-hidden=\"true\" class=\"fas fa-genderless\"><\/i><\/span>\t\n\t\t\t\t\t\t\t\t\n\t\t\t\t\t\t\t\tHakk\u0131m\u0131zda  \n\t\t\t\t\t\t\t\t\t\t\t\t\t\t\t<\/a>\n\t\t\t\t\t\t\t\t\t\t\t\t\t<\/li>\n\n\t\t\t\t\t\t\n\t\t\t\t\t\t<li>\n\t\t\t\t\t\t\t<a  href=\"\/tr\/belgelerimiz\" target=\"_self\" > \n\n\t\t\t\t\t\t\t\t\t\t\t\t\t\t\t\t\t<span class=\"link-icon d-inline-flex hide-if-empty left-icon icon-next-to-label\"><i aria-hidden=\"true\" class=\"fas fa-genderless\"><\/i><\/span>\t\n\t\t\t\t\t\t\t\t\n\t\t\t\t\t\t\t\tKalite Belgelerimiz  \n\t\t\t\t\t\t\t\t\t\t\t\t\t\t\t<\/a>\n\t\t\t\t\t\t\t\t\t\t\t\t\t<\/li>\n\n\t\t\t\t\t\t\n\t\t\t\t\t\t<li>\n\t\t\t\t\t\t\t<a  href=\"\/tr\/politikalarimiz\" target=\"_self\" > \n\n\t\t\t\t\t\t\t\t\t\t\t\t\t\t\t\t\t<span class=\"link-icon d-inline-flex hide-if-empty left-icon icon-next-to-label\"><i aria-hidden=\"true\" class=\"fas fa-genderless\"><\/i><\/span>\t\n\t\t\t\t\t\t\t\t\n\t\t\t\t\t\t\t\tKalite Politikalar\u0131m\u0131z  \n\t\t\t\t\t\t\t\t\t\t\t\t\t\t\t<\/a>\n\t\t\t\t\t\t\t\t\t\t\t\t\t<\/li>\n\n\t\t\t\t\t\t\n\t\t\t\t\t\t<li>\n\t\t\t\t\t\t\t<a  href=\"\/tr\/ik\" target=\"_self\" > \n\n\t\t\t\t\t\t\t\t\t\t\t\t\t\t\t\t\t<span class=\"link-icon d-inline-flex hide-if-empty left-icon icon-next-to-label\"><i aria-hidden=\"true\" class=\"fas fa-genderless\"><\/i><\/span>\t\n\t\t\t\t\t\t\t\t\n\t\t\t\t\t\t\t\t\u0130nsan Kaynaklar\u0131  \n\t\t\t\t\t\t\t\t\t\t\t\t\t\t\t<\/a>\n\t\t\t\t\t\t\t\t\t\t\t\t\t<\/li>\n\n\t\t\t\t\t\t\n\t\t\t\t\t\t<li>\n\t\t\t\t\t\t\t<a  href=\"\/tr\/kvkk\" target=\"_self\" > \n\n\t\t\t\t\t\t\t\t\t\t\t\t\t\t\t\t\t<span class=\"link-icon d-inline-flex hide-if-empty left-icon icon-next-to-label\"><i aria-hidden=\"true\" class=\"fas fa-genderless\"><\/i><\/span>\t\n\t\t\t\t\t\t\t\t\n\t\t\t\t\t\t\t\tKVKK Ayd\u0131nlatma Metni  \n\t\t\t\t\t\t\t\t\t\t\t\t\t\t\t<\/a>\n\t\t\t\t\t\t\t\t\t\t\t\t\t<\/li>\n\n\t\t\t\t\t\t\t\t\t\t<\/ul>\n\t\t\t\t\t\t\t\t\t<\/div>\n\t\t\t\t<\/div>\n\t\t\t\t<\/div>\n\t\t\t\t\t<\/div>\n\t\t<\/div>\n\t\t\t\t<div class=\"elementor-column elementor-col-50 elementor-top-column elementor-element elementor-element-c2c748f\" data-id=\"c2c748f\" data-element_type=\"column\">\n\t\t\t<div class=\"elementor-widget-wrap elementor-element-populated\">\n\t\t\t\t\t\t\t\t<div class=\"elementor-element elementor-element-6bfcb46 elementor-widget elementor-widget-text-editor\" data-id=\"6bfcb46\" data-element_type=\"widget\" data-widget_type=\"text-editor.default\">\n\t\t\t\t<div class=\"elementor-widget-container\">\n\t\t\t<style>\/*! elementor - v3.7.0 - 08-08-2022 *\/\n.elementor-widget-text-editor.elementor-drop-cap-view-stacked .elementor-drop-cap{background-color:#818a91;color:#fff}.elementor-widget-text-editor.elementor-drop-cap-view-framed .elementor-drop-cap{color:#818a91;border:3px solid;background-color:transparent}.elementor-widget-text-editor:not(.elementor-drop-cap-view-default) .elementor-drop-cap{margin-top:8px}.elementor-widget-text-editor:not(.elementor-drop-cap-view-default) .elementor-drop-cap-letter{width:1em;height:1em}.elementor-widget-text-editor .elementor-drop-cap{float:left;text-align:center;line-height:1;font-size:50px}.elementor-widget-text-editor .elementor-drop-cap-letter{display:inline-block}<\/style>\t\t\t\t<p data-start=\"463\" data-end=\"791\">1995 y\u0131l\u0131nda <strong data-start=\"476\" data-end=\"485\">Bursa<\/strong>\u2019da kurulan <strong data-start=\"497\" data-end=\"514\">MATGER Matbaa<\/strong>, matbaa sekt\u00f6r\u00fcnde kalite, g\u00fcven ve m\u00fc\u015fteri memnuniyetini \u00f6n planda tutarak faaliyet g\u00f6stermektedir. 30 y\u0131la yakla\u015fan tecr\u00fcbemizle, de\u011fi\u015fen teknolojiye ayak uyduran altyap\u0131m\u0131z ve profesyonel ekibimizle hem bireysel hem kurumsal m\u00fc\u015fterilere y\u00f6nelik bask\u0131 \u00e7\u00f6z\u00fcmleri sunmaktay\u0131z.<\/p><p data-start=\"793\" data-end=\"1128\">Kurulu\u015fumuzdan bu yana ge\u00e7en s\u00fcrede, <strong data-start=\"830\" data-end=\"857\">ofset bask\u0131 teknolojisi<\/strong>, <strong data-start=\"859\" data-end=\"881\">zaman\u0131nda teslimat<\/strong>, <strong data-start=\"883\" data-end=\"907\">\u00f6zel tasar\u0131m deste\u011fi<\/strong> ve <strong data-start=\"911\" data-end=\"941\">kurumsal s\u00f6zle\u015fmeli hizmet<\/strong> modelleriyle y\u00fczlerce firmaya \u00e7\u00f6z\u00fcm orta\u011f\u0131 olduk. Her \u00f6l\u00e7ekteki projeye titizlikle yakla\u015f\u0131r; k\u00fc\u00e7\u00fck bir kartvizit sipari\u015finden b\u00fcy\u00fck katalog bas\u0131mlar\u0131na kadar ayn\u0131 hassasiyetle \u00e7al\u0131\u015f\u0131r\u0131z.<\/p><p data-start=\"1130\" data-end=\"1169\"><strong data-start=\"1130\" data-end=\"1169\">Sadece bask\u0131 de\u011fil, \u00e7\u00f6z\u00fcm \u00fcretiriz.<\/strong><\/p><h5 data-start=\"1176\" data-end=\"1199\"><strong data-start=\"1182\" data-end=\"1199\">M\u0130SYONUMUZ<\/strong><\/h5><p data-start=\"1201\" data-end=\"1389\">M\u00fc\u015fterilerimizin t\u00fcm bask\u0131 ihtiya\u00e7lar\u0131na kaliteli, h\u0131zl\u0131 ve ekonomik \u00e7\u00f6z\u00fcmler \u00fcretmek. Tasar\u0131m a\u015famas\u0131ndan teslimata kadar her ad\u0131mda g\u00fcvenilir, d\u00fcr\u00fcst ve \u00e7\u00f6z\u00fcm odakl\u0131 bir yakla\u015f\u0131m sunmak.<\/p><h5 data-start=\"1396\" data-end=\"1419\"><strong data-start=\"1402\" data-end=\"1419\">V\u0130ZYONUMUZ<\/strong><\/h5><p data-start=\"1421\" data-end=\"1601\">Matbaa sekt\u00f6r\u00fcnde yenilik\u00e7i yakla\u015f\u0131mlar\u0131m\u0131z, kaliteli i\u015f\u00e7ilik anlay\u0131\u015f\u0131m\u0131z ve m\u00fc\u015fteri odakl\u0131 hizmet modelimiz ile <strong data-start=\"1534\" data-end=\"1594\">T\u00fcrkiye genelinde \u00f6rnek al\u0131nan, lider bir matbaa markas\u0131<\/strong> olmak.<\/p>\t\t\t\t\t\t<\/div>\n\t\t\t\t<\/div>\n\t\t\t\t\t<\/div>\n\t\t<\/div>\n\t\t\t\t\t\t\t<\/div>\n\t\t<\/section>\n\t\t\t\t\t\t\t<\/div>\n\t\t","protected":false},"excerpt":{"rendered":"<p>Hakk\u0131m\u0131zda MATGER MATBAA 1995&#8217;ten Bug\u00fcne Kalite ve G\u00fcvenin Simgesi Kurumsal Hakk\u0131m\u0131zda Kalite Belgelerimiz Kalite Politikalar\u0131m\u0131z \u0130nsan Kaynaklar\u0131 KVKK Ayd\u0131nlatma Metni 1995 y\u0131l\u0131nda Bursa\u2019da kurulan MATGER Matbaa, matbaa sekt\u00f6r\u00fcnde kalite, g\u00fcven ve m\u00fc\u015fteri memnuniyetini \u00f6n planda tutarak faaliyet g\u00f6stermektedir. 30 y\u0131la yakla\u015fan tecr\u00fcbemizle, de\u011fi\u015fen teknolojiye ayak uyduran altyap\u0131m\u0131z ve profesyonel ekibimizle hem bireysel hem kurumsal m\u00fc\u015fterilere [&hellip;]<\/p>\n","protected":false},"author":1,"featured_media":0,"parent":0,"menu_order":0,"comment_status":"closed","ping_status":"closed","template":"","meta":{"footnotes":""},"class_list":["post-188","page","type-page","status-publish","hentry"],"_links":{"self":[{"href":"https:\/\/matger.com\/tr\/wp-json\/wp\/v2\/pages\/188","targetHints":{"allow":["GET"]}}],"collection":[{"href":"https:\/\/matger.com\/tr\/wp-json\/wp\/v2\/pages"}],"about":[{"href":"https:\/\/matger.com\/tr\/wp-json\/wp\/v2\/types\/page"}],"author":[{"embeddable":true,"href":"https:\/\/matger.com\/tr\/wp-json\/wp\/v2\/users\/1"}],"replies":[{"embeddable":true,"href":"https:\/\/matger.com\/tr\/wp-json\/wp\/v2\/comments?post=188"}],"version-history":[{"count":50,"href":"https:\/\/matger.com\/tr\/wp-json\/wp\/v2\/pages\/188\/revisions"}],"predecessor-version":[{"id":5202,"href":"https:\/\/matger.com\/tr\/wp-json\/wp\/v2\/pages\/188\/revisions\/5202"}],"wp:attachment":[{"href":"https:\/\/matger.com\/tr\/wp-json\/wp\/v2\/media?parent=188"}],"curies":[{"name":"wp","href":"https:\/\/api.w.org\/{rel}","templated":true}]}}