{"id":4523,"date":"2024-06-27T03:07:54","date_gmt":"2024-06-27T00:07:54","guid":{"rendered":"https:\/\/ozeltasarim.com.tr\/dnc\/?page_id=4523"},"modified":"2025-08-04T14:09:47","modified_gmt":"2025-08-04T11:09:47","slug":"kvkk-aydinlatma-metni-dnc","status":"publish","type":"page","link":"https:\/\/matger.com\/tr\/kvkk-aydinlatma-metni-dnc\/","title":{"rendered":"KVKK Ayd\u0131nlatma Metni"},"content":{"rendered":"\t\t<div data-elementor-type=\"wp-page\" data-elementor-id=\"4523\" class=\"elementor elementor-4523\">\n\t\t\t\t\t\t\t\t\t<section class=\"elementor-section elementor-top-section elementor-element elementor-element-7180f2c elementor-section-boxed elementor-section-height-default elementor-section-height-default\" data-id=\"7180f2c\" data-element_type=\"section\" data-settings=\"{&quot;background_background&quot;:&quot;classic&quot;}\">\n\t\t\t\t\t\t\t<div class=\"elementor-background-overlay\"><\/div>\n\t\t\t\t\t\t\t<div class=\"elementor-container elementor-column-gap-default\">\n\t\t\t\t\t<div class=\"elementor-column elementor-col-100 elementor-top-column elementor-element elementor-element-c9e8c5f animated-fast elementor-invisible\" data-id=\"c9e8c5f\" data-element_type=\"column\" data-settings=\"{&quot;animation&quot;:&quot;fadeInUp&quot;}\">\n\t\t\t<div class=\"elementor-widget-wrap elementor-element-populated\">\n\t\t\t\t\t\t\t\t<div class=\"elementor-element elementor-element-d1d3aa9 elementor-widget elementor-widget-hub_fancy_heading\" data-id=\"d1d3aa9\" data-element_type=\"widget\" data-widget_type=\"hub_fancy_heading.default\">\n\t\t\t\t<div class=\"elementor-widget-container\">\n\t\t\t\n\t\t<div id=\"ld-fancy-heading-6a06003dd34db\" class=\"ld-fancy-heading pos-rel\">\n\t\t\t<h3 class=\"ld-fh-element d-inline-block pos-rel elementor-heading-title lqd-highlight-classic lqd-highlight-grow-left h3\"  > KVKK Ayd\u0131nlatma Metni<\/h3>\t\t<\/div>\n\n\t\t\t\t<\/div>\n\t\t\t\t<\/div>\n\t\t\t\t\t<\/div>\n\t\t<\/div>\n\t\t\t\t\t\t\t<\/div>\n\t\t<\/section>\n\t\t\t\t<section class=\"elementor-section elementor-top-section elementor-element elementor-element-6480851 elementor-section-boxed elementor-section-height-default elementor-section-height-default\" data-id=\"6480851\" data-element_type=\"section\">\n\t\t\t\t\t\t<div class=\"elementor-container elementor-column-gap-default\">\n\t\t\t\t\t<div class=\"lqd-css-sticky-column elementor-column elementor-col-50 elementor-top-column elementor-element elementor-element-3d04fa6 elementor-hidden-tablet elementor-hidden-mobile\" style=\"--lqd-sticky-offset:30px\" data-id=\"3d04fa6\" data-element_type=\"column\" data-settings=\"{&quot;background_background&quot;:&quot;classic&quot;}\">\n\t\t\t<div class=\"elementor-widget-wrap elementor-element-populated\">\n\t\t\t\t\t\t\t\t<div class=\"elementor-element elementor-element-4e64b3b elementor-widget elementor-widget-hub_fancy_heading\" data-id=\"4e64b3b\" data-element_type=\"widget\" data-widget_type=\"hub_fancy_heading.default\">\n\t\t\t\t<div class=\"elementor-widget-container\">\n\t\t\t\n\t\t<div id=\"ld-fancy-heading-6a06003dd5463\" class=\"ld-fancy-heading pos-rel\">\n\t\t\t<h6 class=\"ld-fh-element d-inline-block pos-rel elementor-heading-title lqd-highlight-classic lqd-highlight-grow-left h6\"  > Kurumsal<\/h6>\t\t<\/div>\n\n\t\t\t\t<\/div>\n\t\t\t\t<\/div>\n\t\t\t\t<div class=\"elementor-element elementor-element-2c4744b elementor-widget elementor-widget-ld_custom_menu\" data-id=\"2c4744b\" data-element_type=\"widget\" data-widget_type=\"ld_custom_menu.default\">\n\t\t\t\t<div class=\"elementor-widget-container\">\n\t\t\t\n\t\t\t<div  \n\t\t\t\tclass=\"lqd-fancy-menu lqd-custom-menu pos-rel menu-items-has-fill left lqd-menu-td-none\"\n\t\t\t\t\t\t\t>\n\t\t\t\n\t\t\t\t\t\t\t<ul class=\"reset-ul\" id=\"2c4744b\"  data-localscroll=\"true\" data-localscroll-options=\"{&quot;itemsSelector&quot;:&quot;&gt; li &gt; a&quot;,&quot;trackWindowScroll&quot;:true,&quot;includeParentAsOffset&quot;:false,&quot;offsetElements&quot;:&quot;[data-sticky-header] .lqd-head-sec-wrap:not(.lqd-hide-onstuck), #wpadminbar, body.elementor-page .main-header[data-sticky-header] &gt; .elementor &gt; .elementor-section-wrap &gt; .elementor-section:not(.lqd-hide-onstuck):not(.lqd-stickybar-wrap), body.elementor-page .main-header[data-sticky-header] &gt; .elementor &gt; .elementor-section:not(.lqd-hide-onstuck):not(.lqd-stickybar-wrap)&quot;}\">\n\t\t\t\t\n\t\t\t\t\t\t<li>\n\t\t\t\t\t\t\t<a  href=\"\/tr\/hakkimizda\" target=\"_self\" > \n\n\t\t\t\t\t\t\t\t\t\t\t\t\t\t\t\t\t<span class=\"link-icon d-inline-flex hide-if-empty left-icon icon-next-to-label\"><i aria-hidden=\"true\" class=\"fas fa-genderless\"><\/i><\/span>\t\n\t\t\t\t\t\t\t\t\n\t\t\t\t\t\t\t\tHakk\u0131m\u0131zda  \n\t\t\t\t\t\t\t\t\t\t\t\t\t\t\t<\/a>\n\t\t\t\t\t\t\t\t\t\t\t\t\t<\/li>\n\n\t\t\t\t\t\t\n\t\t\t\t\t\t<li>\n\t\t\t\t\t\t\t<a  href=\"\/tr\/belgelerimiz\" target=\"_self\" > \n\n\t\t\t\t\t\t\t\t\t\t\t\t\t\t\t\t\t<span class=\"link-icon d-inline-flex hide-if-empty left-icon icon-next-to-label\"><i aria-hidden=\"true\" class=\"fas fa-genderless\"><\/i><\/span>\t\n\t\t\t\t\t\t\t\t\n\t\t\t\t\t\t\t\tKalite Belgelerimiz  \n\t\t\t\t\t\t\t\t\t\t\t\t\t\t\t<\/a>\n\t\t\t\t\t\t\t\t\t\t\t\t\t<\/li>\n\n\t\t\t\t\t\t\n\t\t\t\t\t\t<li>\n\t\t\t\t\t\t\t<a  href=\"\/tr\/politikalarimiz\" target=\"_self\" > \n\n\t\t\t\t\t\t\t\t\t\t\t\t\t\t\t\t\t<span class=\"link-icon d-inline-flex hide-if-empty left-icon icon-next-to-label\"><i aria-hidden=\"true\" class=\"fas fa-genderless\"><\/i><\/span>\t\n\t\t\t\t\t\t\t\t\n\t\t\t\t\t\t\t\tKalite Politikalar\u0131m\u0131z  \n\t\t\t\t\t\t\t\t\t\t\t\t\t\t\t<\/a>\n\t\t\t\t\t\t\t\t\t\t\t\t\t<\/li>\n\n\t\t\t\t\t\t\n\t\t\t\t\t\t<li>\n\t\t\t\t\t\t\t<a  href=\"\/tr\/ik\" target=\"_self\" > \n\n\t\t\t\t\t\t\t\t\t\t\t\t\t\t\t\t\t<span class=\"link-icon d-inline-flex hide-if-empty left-icon icon-next-to-label\"><i aria-hidden=\"true\" class=\"fas fa-genderless\"><\/i><\/span>\t\n\t\t\t\t\t\t\t\t\n\t\t\t\t\t\t\t\t\u0130nsan Kaynaklar\u0131  \n\t\t\t\t\t\t\t\t\t\t\t\t\t\t\t<\/a>\n\t\t\t\t\t\t\t\t\t\t\t\t\t<\/li>\n\n\t\t\t\t\t\t\n\t\t\t\t\t\t<li>\n\t\t\t\t\t\t\t<a  href=\"\/tr\/kvkk\" target=\"_self\" > \n\n\t\t\t\t\t\t\t\t\t\t\t\t\t\t\t\t\t<span class=\"link-icon d-inline-flex hide-if-empty left-icon icon-next-to-label\"><i aria-hidden=\"true\" class=\"fas fa-genderless\"><\/i><\/span>\t\n\t\t\t\t\t\t\t\t\n\t\t\t\t\t\t\t\tKVKK Ayd\u0131nlatma Metni  \n\t\t\t\t\t\t\t\t\t\t\t\t\t\t\t<\/a>\n\t\t\t\t\t\t\t\t\t\t\t\t\t<\/li>\n\n\t\t\t\t\t\t\t\t\t\t<\/ul>\n\t\t\t\t\t\t\t\t\t<\/div>\n\t\t\t\t<\/div>\n\t\t\t\t<\/div>\n\t\t\t\t\t<\/div>\n\t\t<\/div>\n\t\t\t\t<div class=\"elementor-column elementor-col-50 elementor-top-column elementor-element elementor-element-b523bd2\" data-id=\"b523bd2\" data-element_type=\"column\">\n\t\t\t<div class=\"elementor-widget-wrap elementor-element-populated\">\n\t\t\t\t\t\t\t\t<div class=\"elementor-element elementor-element-011d415 elementor-widget elementor-widget-hub_fancy_heading\" data-id=\"011d415\" data-element_type=\"widget\" data-widget_type=\"hub_fancy_heading.default\">\n\t\t\t\t<div class=\"elementor-widget-container\">\n\t\t\t\n\t\t<div id=\"ld-fancy-heading-6a06003ddba6d\" class=\"ld-fancy-heading pos-rel\">\n\t\t\t<h2 class=\"ld-fh-element d-inline-block pos-rel elementor-heading-title lqd-highlight-classic lqd-highlight-grow-left h2\"  > <b>1. Ki\u015fisel Verilerin Korunmas\u0131 ve \u0130\u015flenmesi Hakk\u0131nda Bilgilendirme Metni<\/b><br>\n1.1. Ki\u015fisel verilerin i\u015flenmesinde ba\u015fta \u00f6zel hayat\u0131n gizlili\u011fi olmak \u00fczere ki\u015filerin temel hak ve \u00f6zg\u00fcrl\u00fcklerini korumak ve ki\u015fisel verileri i\u015fleyen ger\u00e7ek ve t\u00fczel ki\u015filerin y\u00fck\u00fcml\u00fcl\u00fckleri belirlemek amac\u0131yla 7 Nisan 2016 tarihli ve 29677 Say\u0131l\u0131 Resm\u00ee Gazete\u2019 de yay\u0131mlanan 6698 say\u0131l\u0131 Ki\u015fisel Verilerin Korunmas\u0131 Kanunu (KVKK) hususunda Matger Matbaa Ambalaj San. ve Tic. Ltd. \u015eti. olarak Veri Sorumlusu s\u0131fat\u0131yla Kanun\u2019un \u201cVeri Sorumlusunun Ayd\u0131nlatma Y\u00fck\u00fcml\u00fcl\u00fc\u011f\u00fc\u201d ba\u015fl\u0131kl\u0131 10. maddesi uyar\u0131nca bilgilendirme yapmaktay\u0131z.\n1.2.Matger Matbaa Ambalaj San. ve Tic. Ltd. \u015eti. olarak vatanda\u015flar\u0131m\u0131z\u0131n ki\u015fisel verilerinin T\u00fcrkiye Cumhuriyeti Anayasas\u0131 ve \u0130nsan Haklar\u0131na ili\u015fkin \u00fclkemizin taraf\u0131 oldu\u011fu uluslararas\u0131 s\u00f6zle\u015fmeler ile 6698 say\u0131l\u0131 Ki\u015fisel Verilerin Korunmas\u0131 Kanunu (KVKK) ba\u015fta olmak \u00fczere ilgili mevzuata uygun olarak i\u015flenmesinin ve verisi i\u015flenen ilgili ki\u015filerin haklar\u0131n\u0131 etkin \u015fekilde kullanabilmelerinin sa\u011flanmas\u0131 amac\u0131yla haz\u0131rlanm\u0131\u015ft\u0131r. \u015eirketimiz ile payla\u015f\u0131lm\u0131\u015f olan t\u00fcm ki\u015fisel veriler hukuka uygun bir \u015fekilde, faaliyet ve hizmet ama\u00e7lar\u0131m\u0131z ile ba\u011flant\u0131l\u0131 ve \u00f6l\u00e7\u00fcl\u00fc olarak i\u015flenebilecektir.<br><br>\n\n<b>2. Tan\u0131mlar<\/b><br>\n2.1. Ayd\u0131nlatma metninde kullan\u0131lan ki\u015fisel veri, \u00f6zel nitelikli ki\u015fisel veri ve veri i\u015fleme kavramlar\u0131 KVKK\u2019 da yap\u0131lan tan\u0131mlara istinaden kullan\u0131lm\u0131\u015ft\u0131r. KVKK\u2019 da ge\u00e7en;\n2.1.1. Ki\u015fisel Verilerin Korunmas\u0131 Kanunu (\u201cKVKK\u201d): 7 Nisan 2016 tarihinde Resmi Gazete\u2019 de yay\u0131nlanarak y\u00fcr\u00fcrl\u00fc\u011fe giren 6698 say\u0131l\u0131 Ki\u015fisel Verilerin Korunmas\u0131 Kanunu\u2019nu,\n2.1.2.  Ki\u015fisel Veri: kavram\u0131 kimli\u011fi belirli veya belirlenebilir ger\u00e7ek ki\u015fiye ili\u015fkin her t\u00fcrl\u00fc bilgiyi,\n2.1.3. Veri \u0130\u015fleyen: Veri sorumlusunun verdi\u011fi yetkiye dayanarak onun ad\u0131na Ki\u015fisel Verileri i\u015fleyen ger\u00e7ek veya t\u00fczel ki\u015fiyi,\n2.1.4. Veri Sorumlusu: Ki\u015fisel Verilerin i\u015fleme ama\u00e7lar\u0131n\u0131 ve vas\u0131talar\u0131n\u0131 belirleyen, veri kay\u0131t sisteminin kurulmas\u0131ndan ve y\u00f6netilmesinden sorumlu olan ger\u00e7ek veya t\u00fczel ki\u015fiyi, \n2.1.5. Ki\u015fisel verilerin i\u015flenmesi: kavram\u0131 ise, ki\u015fisel verilerin tamamen veya k\u0131smen otomatik olan ya da herhangi bir veri kay\u0131t sisteminin par\u00e7as\u0131 olmak kayd\u0131yla otomatik olmayan yollarla elde edilmesi, kaydedilmesi, depolanmas\u0131, muhafaza edilmesi, de\u011fi\u015ftirilmesi, yeniden d\u00fczenlenmesi, a\u00e7\u0131klanmas\u0131, aktar\u0131lmas\u0131, devral\u0131nmas\u0131, elde edilebilir h\u00e2le getirilmesi, s\u0131n\u0131fland\u0131r\u0131lmas\u0131 ya da kullan\u0131lmas\u0131n\u0131n engellenmesi gibi veriler \u00fczerinde ger\u00e7ekle\u015ftirilen her t\u00fcrl\u00fc i\u015flemi ifade eder<br><br>\n\n<b>3. Ki\u015fisel Verilerin \u0130\u015flenmesi \u0130lkeleri<\/b><br>\n3.1. KVKK 4. Maddesinde belirtilen veri sahibine ait ki\u015fisel veriler; hukuka ve d\u00fcr\u00fcstl\u00fck kurallar\u0131na uygun, do\u011fru ve gerekti\u011finde g\u00fcncel, belirli, a\u00e7\u0131k ve me\u015fru ama\u00e7lar i\u00e7in; i\u015flendikleri ama\u00e7la ba\u011flant\u0131l\u0131, s\u0131n\u0131rl\u0131 ve \u00f6l\u00e7\u00fcl\u00fc; ilgili mevzuatta \u00f6ng\u00f6r\u00fclen veya i\u015flendikleri ama\u00e7 i\u00e7in gerekli olan s\u00fcre kadar muhafaza edilme kurallar\u0131na uygun bir \u015fekilde, veri sorumlusu \u015eirket taraf\u0131ndan a\u015fa\u011f\u0131da belirtilen ama\u00e7lar kapsam\u0131nda i\u015flenecektir.\n<br><br>\n<b>4. Ki\u015fisel Verilerinizin \u0130\u015flenme Amac\u0131<\/b><br>\n4.1. KVKK\u2019 n\u0131n 4. , 5. ve 6. maddeleri uyar\u0131nca ki\u015fisel verileriniz;\n4.1.1. Hukuka ve d\u00fcr\u00fcstl\u00fck kural\u0131n\u0131n \u00f6ng\u00f6rd\u00fc\u011f\u00fc bi\u00e7imde,\n4.1.2. \u0130\u015flenme ama\u00e7lar\u0131 ile ba\u011flant\u0131l\u0131, s\u0131n\u0131rl\u0131 ve \u00f6l\u00e7\u00fcl\u00fc olarak,\n4.1.3. Do\u011fru ve g\u00fcncel olarak,\n4.1.4. Belirli a\u00e7\u0131k ve me\u015fru ama\u00e7lar ile \u0130lgili mevzuatta \u00f6ng\u00f6r\u00fclen veya i\u015flendikleri ama\u00e7 i\u00e7in gerekli olan s\u00fcre kadar i\u015flenecektir.\n4.2. Ki\u015fisel verileriniz, \u015eirketimiz taraf\u0131ndan sunulan \u00fcr\u00fcn ve hizmetlerden sizleri faydaland\u0131rmak i\u00e7in gerekli \u00e7al\u0131\u015fmalar\u0131n i\u015f birimlerimiz taraf\u0131ndan yap\u0131lmas\u0131; \u015firketimiz taraf\u0131ndan sunulan \u00fcr\u00fcn ve hizmetlerin sizlere \u00f6nerilmesi; \u00dcr\u00fcn ve hizmetlerin sat\u0131\u015f ve pazarlamas\u0131 i\u00e7in pazar ara\u015ft\u0131rmas\u0131 faaliyetlerinin planlanmas\u0131 ve\/veya icras\u0131; Sat\u0131\u015f sonras\u0131 destek hizmetleri aktivitelerinin planlanmas\u0131 ve\/veya icras\u0131; S\u00f6zle\u015fme s\u00fcre\u00e7lerinin ve\/veya hukuki taleplerin takibi i\u015f ili\u015fkisi i\u00e7erisinde olan ilgili ki\u015filerin hukuki, teknik ve ticari i\u015f g\u00fcvenli\u011finin temin edilmesi; \u015firketimizin insan kaynaklar\u0131 politikalar\u0131n\u0131n y\u00fcr\u00fct\u00fclmesinin temini, i\u015f ba\u015fvuru yapman\u0131z halinde de\u011ferlendirme yap\u0131lmas\u0131, \u00e7al\u0131\u015fan\u0131m\u0131z olman\u0131z halinde kanuni ve hukuksal y\u00fck\u00fcml\u00fcl\u00fcklerimizi yerine getirmek; kalite takibinin sa\u011flanmas\u0131; tedarik edilen \u00fcr\u00fcnlerin takibi; i\u015fletmemizi ziyaret etti\u011finizde g\u00fcvenlik ve kimli\u011finizin tespiti amac\u0131yla; \u015firketimizden bilgi talep etmeniz halinde sizinle irtibat kurulmas\u0131; \u00fcr\u00fcn sat\u0131n alman\u0131z halinde bu s\u00f6zle\u015fmenin ifas\u0131; Bilgi g\u00fcvenli\u011fi s\u00fcre\u00e7lerinin planlanmas\u0131, denetimi ve icras\u0131; Bilgi teknolojileri alt yap\u0131s\u0131n\u0131n olu\u015fturulmas\u0131 ve y\u00f6netilmesi; Finans ve\/veya muhasebe i\u015flerinin takibi; Hukuk i\u015flerinin takibi; \u0130\u015f faaliyetlerinin planlanmas\u0131 ve icras\u0131; Kurumsal ileti\u015fim faaliyetlerinin planlanmas\u0131 ve icras\u0131; \u015eirketimizin ticari ve i\u015f stratejilerinin belirlenmesi ve uygulanmas\u0131 ama\u00e7lar\u0131yla 6698 say\u0131l\u0131 Kanun\u2019un 5. ve 6. maddelerinde belirtilen ki\u015fisel veri i\u015fleme \u015fartlar\u0131 ve ama\u00e7lar\u0131 dahilinde i\u015flenecektir. \u00c7al\u0131\u015fanlar\u0131m\u0131z\u0131n verileri, \u0130\u015f Kanunu ve \u00c7al\u0131\u015fma ve Sosyal G\u00fcvenlik mevzuat\u0131 ile y\u00fcr\u00fcrl\u00fckte olan di\u011fer mevzuat\u0131n \u00f6ng\u00f6rd\u00fc\u011f\u00fc zorunluluklar\u0131n yan\u0131 s\u0131ra insan kaynaklar\u0131 politikam\u0131z d\u00e2hilinde veya performans d\u00fczeyini ve \u00e7al\u0131\u015fan memnuniyetini artt\u0131rmak ve i\u015f g\u00fcvenli\u011fi ve i\u015f bar\u0131\u015f\u0131n\u0131n sa\u011flanmas\u0131 gibi i\u015fletmesel nedenler ile \u015eirketimiz veya \u015eirketimizin i\u015f birli\u011fi yapt\u0131\u011f\u0131 veya yetkilendirdi\u011fi ger\u00e7ek veya t\u00fczel ki\u015filer taraf\u0131ndan i\u015flenebilecektir.<br><br>\n\n<b>5. Ki\u015fisel Verilerin Aktar\u0131lmas\u0131<\/b><br>\n5.1. Ki\u015fisel verileriniz; \u015eirketimiz taraf\u0131ndan sunulan \u00fcr\u00fcn ve hizmetlerden sizleri faydaland\u0131rmak i\u00e7in gerekli \u00e7al\u0131\u015fmalar\u0131n i\u015f birimlerimiz taraf\u0131ndan yap\u0131lmas\u0131; \u015eirketimiz taraf\u0131ndan sunulan \u00fcr\u00fcn ve hizmetlerin sizlerin ve \u015firketinizin ihtiya\u00e7lar\u0131na g\u00f6re \u00f6zelle\u015ftirilerek sizlere \u00f6nerilmesi; \u015eirketimizin insan kaynaklar\u0131 politikalar\u0131n\u0131n y\u00fcr\u00fct\u00fclmesinin temini; \u015eirketimizin ve \u015eirketimizle i\u015f ili\u015fkisi i\u00e7erisinde olan ki\u015filerin hukuki ve ticari g\u00fcvenli\u011finin temini; \u015eirketimizin ticari ve i\u015f stratejilerinin belirlenmesi ve uygulanmas\u0131 ama\u00e7lar\u0131yla; i\u015f ortaklar\u0131m\u0131za, tedarik\u00e7ilerimize, hissedarlar\u0131m\u0131za, i\u015ftiraklerimize, kanunen yetkili kamu kurumlar\u0131 ve \u00f6zel ki\u015filere, 6698 say\u0131l\u0131 Kanun\u2019un 8. ve 9. maddelerinde belirtilen ki\u015fisel veri i\u015fleme \u015fartlar\u0131 ve ama\u00e7lar\u0131 \u00e7er\u00e7evesinde aktar\u0131labilecektir.<br><br>\n\n6. <b>Ki\u015fisel Verilerin Toplanma Y\u00f6ntemi ve Hukuki Dayana\u011f\u0131<\/b><br>\n6.1. Ki\u015fisel veriler, \u015firketimiz taraf\u0131ndan ki\u015fisel veri sahiplerine a\u00e7\u0131k\u00e7a ve anla\u015f\u0131labilir bir \u015fekilde s\u00f6zl\u00fc, yaz\u0131l\u0131 ve\/veya elektronik bilgilendirmede bulunularak ve gerekti\u011finde a\u00e7\u0131k r\u0131zalar\u0131 al\u0131narak s\u00f6zl\u00fc, yaz\u0131l\u0131 ve\/veya elektronik yollarla, hukuka ve d\u00fcr\u00fcstl\u00fck kurallar\u0131na uygun olarak, yukar\u0131da a\u00e7\u0131k\u00e7a belirtilen me\u015fru ama\u00e7larla ba\u011flant\u0131l\u0131 ve s\u0131n\u0131rl\u0131 olmak kayd\u0131yla, \u00f6l\u00e7\u00fcl\u00fcl\u00fck prensibi \u00e7er\u00e7evesinde toplanmakta, kullan\u0131lmakta, kaydedilmekte, depolanmakta ve i\u015flenmektedir. Bunun yan\u0131 s\u0131ra; bizimle irtibata ge\u00e7meniz, s\u00f6zle\u015fme ili\u015fkisinin kurulmas\u0131, i\u015fletmemizi ziyaret etmeniz, ticari faaliyet amac\u0131yla irtibata ge\u00e7memiz i\u00e7in bilgilerinizin taraf\u0131m\u0131za iletilmesi, tan\u0131t\u0131m organizasyonlar\u0131nda bilgi payla\u015f\u0131m\u0131 gibi \u015firketimizin ticari amac\u0131 \u00e7er\u00e7evesinde farkl\u0131 kanallarla ve farkl\u0131 hukuki sebeplere dayanarak; sundu\u011fumuz \u00fcr\u00fcn ile hizmetleri geli\u015ftirmek ve ticari faaliyetlerimizi y\u00fcr\u00fctmek amac\u0131yla toplanmaktad\u0131r. Bu hukuki sebeple toplanan ki\u015fisel verileriniz 6698 say\u0131l\u0131 Kanun\u2019un 5. ve 6. maddelerinde belirtilen ki\u015fisel veri i\u015fleme \u015fartlar\u0131 ve ama\u00e7lar\u0131 kapsam\u0131nda bu Ayd\u0131nlatma Metninde belirtilen ama\u00e7larla da i\u015flenebilmekte ve aktar\u0131labilmektedir.\n6.2. Ayr\u0131ca, Ki\u015fisel verilerinizin \u015firketimiz taraf\u0131ndan, bu ayd\u0131nlatma belgesinde belirtilen ama\u00e7lar d\u0131\u015f\u0131nda i\u015flenmeyece\u011fini, yurt i\u00e7inde ve yurt d\u0131\u015f\u0131nda bulunan 3. ki\u015filere aktar\u0131lmayaca\u011f\u0131n\u0131 ve saklanmayaca\u011f\u0131n\u0131 temin ederiz.<br><br>\n\n<b>7. Verilerin Saklanmas\u0131 ve Silinmesi:<\/b><br>\n7.1. \u015eirketimiz, i\u015fledi\u011fi ki\u015fisel verileri mevzuatla belirlenen s\u00fcrelerde saklamakta olup, mevzuatta ayr\u0131ca s\u00fcre belirlenmemi\u015f olmas\u0131 halinde; ki\u015fisel veriler \u015firketimizin o veriyi i\u015flerken sundu\u011fu hizmetlerle ba\u011fl\u0131 olarak \u015eirketimizin uygulamalar\u0131 ve ticari ya\u015fam\u0131n\u0131n team\u00fclleri uyar\u0131nca i\u015flenmesini gerektiren s\u00fcre kadar ve bu s\u00fcreden sonra sadece olas\u0131 hukuki uyu\u015fmazl\u0131klarda delil te\u015fkil etmesi amac\u0131yla uygulamada gereklili\u011fi ortaya konulan s\u00fcreler boyunca saklanmaktad\u0131r. Belirtilen s\u00fcrelerin sona ermesinden sonra s\u00f6z konusu ki\u015fisel veriler silinmekte, yok edilmekte veya anonim hale getirilmektedir.<br><br>\n\n<b>8. Veri Sahibinin Haklar\u0131<\/b><br>\n8.1. Veri sahipleri, veri sorumlusu olarak hareket eden \u015eirkete ba\u015fvurarak kendisiyle ilgili;\n8.1.1. Ki\u015fisel verisinin i\u015flenip i\u015flenmedi\u011fini \u00f6\u011frenme,\n8.1.2. Ki\u015fisel verisinin i\u015flenmi\u015fse buna ili\u015fkin bilgi talep etme,\n8.1.3. Ki\u015fisel verilerinin i\u015flenme amac\u0131n\u0131 ve bunlar\u0131n amac\u0131na uygun kullan\u0131l\u0131p kullan\u0131lmad\u0131\u011f\u0131n\u0131 \u00f6\u011frenme;\n8.1.4. Yurt i\u00e7inde veya yurt d\u0131\u015f\u0131nda ki\u015fisel verilerinin aktar\u0131ld\u0131\u011f\u0131 \u00fc\u00e7\u00fcnc\u00fc ki\u015filer hakk\u0131nda bilgilendirilme,\n8.1.5. Ki\u015fisel verilerinin eksik veya yanl\u0131\u015f i\u015flenmi\u015f olmas\u0131 h\u00e2linde bunlar\u0131n d\u00fczeltilmesini talep etme,\n8.1.6. 6698 say\u0131l\u0131 KVKK\u2019 nun 7. maddesinde \u00f6ng\u00f6r\u00fclen \u015fartlar \u00e7er\u00e7evesinde ki\u015fisel verilerinin silinmesini veya yok edilmesini talep etme,\n8.1.7. KVKK\u2019 nun 11. maddesinin (d) ve (e) bentleri uyar\u0131nca yap\u0131lan i\u015flemlerin, ki\u015fisel verilerinin aktar\u0131ld\u0131\u011f\u0131 \u00fc\u00e7\u00fcnc\u00fc ki\u015filere bildirilmesini isteme,\n8.1.8. \u0130\u015flenen verilerin m\u00fcnhas\u0131ran otomatik sistemler vas\u0131tas\u0131yla analiz edilmesi suretiyle ki\u015finin kendisi aleyhine bir sonucun ortaya \u00e7\u0131kmas\u0131na itiraz etme,\n8.1.9. Ki\u015fisel verilerin kanuna ayk\u0131r\u0131 olarak i\u015flenmesi sebebiyle zarara u\u011framas\u0131 h\u00e2linde zarar\u0131n giderilmesini talep etme haklar\u0131na sahiptir.\n8.2. Yukar\u0131da belirtilen haklar\u0131n\u0131z\u0131 kullanmak i\u00e7in kimli\u011finizi tespit edici gerekli bilgiler ve kullanmak istedi\u011finiz hakk\u0131n\u0131za y\u00f6nelik a\u00e7\u0131klamalar\u0131n\u0131zla birlikte yaz\u0131l\u0131 talebinizi \u201chttps:\/\/www.matger.com\u201d adresine Ki\u015fisel Veri Bilgi alma ve i\u015flem talep formu \u0131slak imzal\u0131 olarak veya \"info@matger.com\u201d kay\u0131tl\u0131 elektronik posta adresimize g\u00fcvenli elektronik imza, mobil imza ya da ilgili ki\u015fi taraf\u0131ndan Matger Matbaa Ambalaj San. ve Tic. Ltd. \u015eti. daha \u00f6nce bildirilen ve veri sorumlusunun sisteminde kay\u0131tl\u0131 bulunan elektronik posta adresini kullanmak suretiyle g\u00f6nderebilirsiniz. Ba\u015fvurular T\u00fcrk\u00e7e yap\u0131lmal\u0131d\u0131r.\n8.3. Ba\u015fvurularda, ad, soyad ve ba\u015fvuru yaz\u0131l\u0131 ise imza, T\u00fcrkiye Cumhuriyeti vatanda\u015flar\u0131 i\u00e7in T.C. kimlik numaras\u0131, yabanc\u0131lar i\u00e7in uyru\u011fu, pasaport numaras\u0131\/kimlik numaras\u0131, tebligata esas yerle\u015fim yeri veya i\u015fyeri adresi, varsa bildirime esas elektronik posta adresi, telefon veya faks numaras\u0131 ve talep konusu bulunmas\u0131 zorunludur.\n8.4. Ki\u015fisel veri sahibi olarak sahip oldu\u011funuz ve yukar\u0131da belirtilen haklar\u0131n\u0131z\u0131 kullanmak i\u00e7in yapaca\u011f\u0131n\u0131z ve kullanmay\u0131 talep etti\u011finiz hakka ili\u015fkin a\u00e7\u0131klamalar\u0131n\u0131z\u0131 i\u00e7eren ba\u015fvuruda; talep etti\u011finiz hususun a\u00e7\u0131k ve anla\u015f\u0131l\u0131r olmas\u0131, talep etti\u011finiz konunun \u015fahs\u0131n\u0131z ile ilgili olmas\u0131 veya ba\u015fkas\u0131 ad\u0131na hareket ediyor iseniz bu konuda \u00f6zel olarak yetkili olman\u0131z ve yetkinizi belgelendirilmesi, ba\u015fvurunun kimlik ve adres bilgilerini i\u00e7ermesi ve ba\u015fvuruya kimli\u011finizi tevsik edici belgelerin eklenmesi gerekmektedir.\n8.5. Bu kapsamda yapaca\u011f\u0131n\u0131z ba\u015fvurular en k\u0131sa s\u00fcrede ve en ge\u00e7 30 g\u00fcn i\u00e7erisinde sonu\u00e7land\u0131r\u0131lacakt\u0131r. \u0130lgili ki\u015finin ba\u015fvurusuna yaz\u0131l\u0131 olarak cevap verilecekse, on sayfaya kadar \u00fccret al\u0131nmaz. On sayfan\u0131n \u00fczerindeki her sayfa i\u00e7in 10 TL i\u015flem \u00fccreti al\u0131nabilir. Ba\u015fvuruya cevab\u0131n CD, fla\u015f bellek gibi bir kay\u0131t ortam\u0131nda verilmesi halinde Matger Matbaa Ambalaj San. ve Tic. Ltd. \u015eti. taraf\u0131ndan talep edilebilecek \u00fccret kay\u0131t ortam\u0131n\u0131n maliyetini ge\u00e7emez.<\/h2>\t\t<\/div>\n\n\t\t\t\t<\/div>\n\t\t\t\t<\/div>\n\t\t\t\t\t<\/div>\n\t\t<\/div>\n\t\t\t\t\t\t\t<\/div>\n\t\t<\/section>\n\t\t\t\t\t\t\t<\/div>\n\t\t","protected":false},"excerpt":{"rendered":"<p>KVKK Ayd\u0131nlatma Metni Kurumsal Hakk\u0131m\u0131zda Kalite Belgelerimiz Kalite Politikalar\u0131m\u0131z \u0130nsan Kaynaklar\u0131 KVKK Ayd\u0131nlatma Metni 1. Ki\u015fisel Verilerin Korunmas\u0131 ve \u0130\u015flenmesi Hakk\u0131nda Bilgilendirme Metni 1.1. Ki\u015fisel verilerin i\u015flenmesinde ba\u015fta \u00f6zel hayat\u0131n gizlili\u011fi olmak \u00fczere ki\u015filerin temel hak ve \u00f6zg\u00fcrl\u00fcklerini korumak ve ki\u015fisel verileri i\u015fleyen ger\u00e7ek ve t\u00fczel ki\u015filerin y\u00fck\u00fcml\u00fcl\u00fckleri belirlemek amac\u0131yla 7 Nisan 2016 tarihli ve [&hellip;]<\/p>\n","protected":false},"author":1,"featured_media":0,"parent":0,"menu_order":0,"comment_status":"closed","ping_status":"closed","template":"","meta":{"footnotes":""},"class_list":["post-4523","page","type-page","status-publish","hentry"],"_links":{"self":[{"href":"https:\/\/matger.com\/tr\/wp-json\/wp\/v2\/pages\/4523","targetHints":{"allow":["GET"]}}],"collection":[{"href":"https:\/\/matger.com\/tr\/wp-json\/wp\/v2\/pages"}],"about":[{"href":"https:\/\/matger.com\/tr\/wp-json\/wp\/v2\/types\/page"}],"author":[{"embeddable":true,"href":"https:\/\/matger.com\/tr\/wp-json\/wp\/v2\/users\/1"}],"replies":[{"embeddable":true,"href":"https:\/\/matger.com\/tr\/wp-json\/wp\/v2\/comments?post=4523"}],"version-history":[{"count":31,"href":"https:\/\/matger.com\/tr\/wp-json\/wp\/v2\/pages\/4523\/revisions"}],"predecessor-version":[{"id":5196,"href":"https:\/\/matger.com\/tr\/wp-json\/wp\/v2\/pages\/4523\/revisions\/5196"}],"wp:attachment":[{"href":"https:\/\/matger.com\/tr\/wp-json\/wp\/v2\/media?parent=4523"}],"curies":[{"name":"wp","href":"https:\/\/api.w.org\/{rel}","templated":true}]}}