{"id":5010,"date":"2025-07-14T00:34:35","date_gmt":"2025-07-13T21:34:35","guid":{"rendered":"https:\/\/matger.com\/tr\/?page_id=5010"},"modified":"2025-08-04T14:15:36","modified_gmt":"2025-08-04T11:15:36","slug":"antetli-kagit-zarf-kartvizit-basimi-bursa","status":"publish","type":"page","link":"https:\/\/matger.com\/tr\/antetli-kagit-zarf-kartvizit-basimi-bursa\/","title":{"rendered":"Kurumsal \u00dcr\u00fcn Bas\u0131m\u0131 Bursa"},"content":{"rendered":"\t\t<div data-elementor-type=\"wp-page\" data-elementor-id=\"5010\" class=\"elementor elementor-5010\">\n\t\t\t\t\t\t\t\t\t<section class=\"elementor-section elementor-top-section elementor-element elementor-element-3e4879f elementor-section-boxed elementor-section-height-default elementor-section-height-default\" data-id=\"3e4879f\" data-element_type=\"section\" data-settings=\"{&quot;background_background&quot;:&quot;classic&quot;}\">\n\t\t\t\t\t\t\t<div class=\"elementor-background-overlay\"><\/div>\n\t\t\t\t\t\t\t<div class=\"elementor-container elementor-column-gap-default\">\n\t\t\t\t\t<div class=\"elementor-column elementor-col-100 elementor-top-column elementor-element elementor-element-8d2a560\" data-id=\"8d2a560\" data-element_type=\"column\">\n\t\t\t<div class=\"elementor-widget-wrap elementor-element-populated\">\n\t\t\t\t\t\t\t\t<section class=\"elementor-section elementor-inner-section elementor-element elementor-element-7013c2e elementor-section-boxed elementor-section-height-default elementor-section-height-default\" data-id=\"7013c2e\" data-element_type=\"section\">\n\t\t\t\t\t\t<div class=\"elementor-container elementor-column-gap-default\">\n\t\t\t\t\t<div class=\"elementor-column elementor-col-50 elementor-inner-column elementor-element elementor-element-87ec41c\" data-id=\"87ec41c\" data-element_type=\"column\">\n\t\t\t<div class=\"elementor-widget-wrap elementor-element-populated\">\n\t\t\t\t\t\t\t\t<div class=\"elementor-element elementor-element-92fc94c elementor-widget elementor-widget-hub_fancy_heading\" data-id=\"92fc94c\" data-element_type=\"widget\" data-widget_type=\"hub_fancy_heading.default\">\n\t\t\t\t<div class=\"elementor-widget-container\">\n\t\t\t\n\t\t<div id=\"ld-fancy-heading-6a06003a0ad5c\" class=\"ld-fancy-heading pos-rel\">\n\t\t\t<h1 class=\"ld-fh-element d-inline-block pos-rel elementor-heading-title lqd-highlight-classic lqd-highlight-grow-left h1\"  > Kurumsal \u00dcr\u00fcnler<\/h1>\t\t<\/div>\n\n\t\t\t\t<\/div>\n\t\t\t\t<\/div>\n\t\t\t\t\t<\/div>\n\t\t<\/div>\n\t\t\t\t<div class=\"elementor-column elementor-col-50 elementor-inner-column elementor-element elementor-element-ea72417\" data-id=\"ea72417\" data-element_type=\"column\">\n\t\t\t<div class=\"elementor-widget-wrap elementor-element-populated\">\n\t\t\t\t\t\t\t\t<div class=\"elementor-element elementor-element-f653106 elementor-widget elementor-widget-hub_fancy_heading\" data-id=\"f653106\" data-element_type=\"widget\" data-widget_type=\"hub_fancy_heading.default\">\n\t\t\t\t<div class=\"elementor-widget-container\">\n\t\t\t\n\t\t<div id=\"ld-fancy-heading-6a06003a0c3fd\" class=\"ld-fancy-heading pos-rel\">\n\t\t\t<p class=\"ld-fh-element d-inline-block pos-rel lqd-highlight-classic lqd-highlight-grow-left p\"  > Firman\u0131za \u00f6zel bask\u0131 i\u015fleriniz i\u00e7in her zaman yan\u0131n\u0131zday\u0131z.<\/p>\t\t<\/div>\n\n\t\t\t\t<\/div>\n\t\t\t\t<\/div>\n\t\t\t\t\t<\/div>\n\t\t<\/div>\n\t\t\t\t\t\t\t<\/div>\n\t\t<\/section>\n\t\t\t\t\t<\/div>\n\t\t<\/div>\n\t\t\t\t\t\t\t<\/div>\n\t\t<\/section>\n\t\t\t\t<section class=\"elementor-section elementor-top-section elementor-element elementor-element-bf19241 elementor-section-boxed elementor-section-height-default elementor-section-height-default\" data-id=\"bf19241\" data-element_type=\"section\">\n\t\t\t\t\t\t<div class=\"elementor-container elementor-column-gap-default\">\n\t\t\t\t\t<div class=\"lqd-css-sticky-column elementor-column elementor-col-50 elementor-top-column elementor-element elementor-element-a02b78d elementor-hidden-tablet elementor-hidden-mobile\" style=\"--lqd-sticky-offset:30px\" data-id=\"a02b78d\" data-element_type=\"column\" data-settings=\"{&quot;background_background&quot;:&quot;classic&quot;}\">\n\t\t\t<div class=\"elementor-widget-wrap elementor-element-populated\">\n\t\t\t\t\t\t\t\t<div class=\"elementor-element elementor-element-df93dcf elementor-widget elementor-widget-hub_fancy_heading\" data-id=\"df93dcf\" data-element_type=\"widget\" data-widget_type=\"hub_fancy_heading.default\">\n\t\t\t\t<div class=\"elementor-widget-container\">\n\t\t\t\n\t\t<div id=\"ld-fancy-heading-6a06003a0e474\" class=\"ld-fancy-heading pos-rel\">\n\t\t\t<h6 class=\"ld-fh-element d-inline-block pos-rel elementor-heading-title lqd-highlight-classic lqd-highlight-grow-left h6\"  > \u00dcR\u00dcNLER\u0130M\u0130Z<\/h6>\t\t<\/div>\n\n\t\t\t\t<\/div>\n\t\t\t\t<\/div>\n\t\t\t\t<div class=\"elementor-element elementor-element-4a264be elementor-widget elementor-widget-ld_custom_menu\" data-id=\"4a264be\" data-element_type=\"widget\" data-widget_type=\"ld_custom_menu.default\">\n\t\t\t\t<div class=\"elementor-widget-container\">\n\t\t\t\n\t\t\t<div  \n\t\t\t\tclass=\"lqd-fancy-menu lqd-custom-menu pos-rel menu-items-has-fill left lqd-menu-td-none\"\n\t\t\t\t\t\t\t>\n\t\t\t\n\t\t\t\t\t\t\t<ul class=\"reset-ul\" id=\"4a264be\"  data-localscroll=\"true\" data-localscroll-options=\"{&quot;itemsSelector&quot;:&quot;&gt; li &gt; a&quot;,&quot;trackWindowScroll&quot;:true,&quot;includeParentAsOffset&quot;:false,&quot;offsetElements&quot;:&quot;[data-sticky-header] .lqd-head-sec-wrap:not(.lqd-hide-onstuck), #wpadminbar, body.elementor-page .main-header[data-sticky-header] &gt; .elementor &gt; .elementor-section-wrap &gt; .elementor-section:not(.lqd-hide-onstuck):not(.lqd-stickybar-wrap), body.elementor-page .main-header[data-sticky-header] &gt; .elementor &gt; .elementor-section:not(.lqd-hide-onstuck):not(.lqd-stickybar-wrap)&quot;}\">\n\t\t\t\t\n\t\t\t\t\t\t<li>\n\t\t\t\t\t\t\t<a  href=\"https:\/\/matger.com\/tr\/katalog-dergi-basimi-bursa\/\" target=\"_self\" > \n\n\t\t\t\t\t\t\t\t\t\t\t\t\t\t\t\t\t<span class=\"link-icon d-inline-flex hide-if-empty left-icon icon-next-to-label\"><i aria-hidden=\"true\" class=\"fas fa-genderless\"><\/i><\/span>\t\n\t\t\t\t\t\t\t\t\n\t\t\t\t\t\t\t\tKatalog \/ Dergi Bask\u0131  \n\t\t\t\t\t\t\t\t\t\t\t\t\t\t\t<\/a>\n\t\t\t\t\t\t\t\t\t\t\t\t\t<\/li>\n\n\t\t\t\t\t\t\n\t\t\t\t\t\t<li>\n\t\t\t\t\t\t\t<a  href=\"https:\/\/matger.com\/tr\/brosur-el-ilani-insert-basimi-bursa\/\" target=\"_self\" > \n\n\t\t\t\t\t\t\t\t\t\t\t\t\t\t\t\t\t<span class=\"link-icon d-inline-flex hide-if-empty left-icon icon-next-to-label\"><i aria-hidden=\"true\" class=\"fas fa-genderless\"><\/i><\/span>\t\n\t\t\t\t\t\t\t\t\n\t\t\t\t\t\t\t\tBro\u015f\u00fcr \/ El \u0130lan\u0131 \/ \u0130nsert Bask\u0131  \n\t\t\t\t\t\t\t\t\t\t\t\t\t\t\t<\/a>\n\t\t\t\t\t\t\t\t\t\t\t\t\t<\/li>\n\n\t\t\t\t\t\t\n\t\t\t\t\t\t<li>\n\t\t\t\t\t\t\t<a  href=\"https:\/\/matger.com\/tr\/antetli-kagit-zarf-kartvizit-basimi-bursa\/\" target=\"_self\" > \n\n\t\t\t\t\t\t\t\t\t\t\t\t\t\t\t\t\t<span class=\"link-icon d-inline-flex hide-if-empty left-icon icon-next-to-label\"><i aria-hidden=\"true\" class=\"fas fa-genderless\"><\/i><\/span>\t\n\t\t\t\t\t\t\t\t\n\t\t\t\t\t\t\t\tKurumsal \u00dcr\u00fcnler  \n\t\t\t\t\t\t\t\t\t\t\t\t\t\t\t<\/a>\n\t\t\t\t\t\t\t\t\t\t\t\t\t<\/li>\n\n\t\t\t\t\t\t\n\t\t\t\t\t\t<li>\n\t\t\t\t\t\t\t<a  href=\"https:\/\/matger.com\/tr\/urun-kutusu-baskisi-bursa\/\" target=\"_self\" > \n\n\t\t\t\t\t\t\t\t\t\t\t\t\t\t\t\t\t<span class=\"link-icon d-inline-flex hide-if-empty left-icon icon-next-to-label\"><i aria-hidden=\"true\" class=\"fas fa-genderless\"><\/i><\/span>\t\n\t\t\t\t\t\t\t\t\n\t\t\t\t\t\t\t\t\u00dcr\u00fcn Kutu Bask\u0131lar\u0131  \n\t\t\t\t\t\t\t\t\t\t\t\t\t\t\t<\/a>\n\t\t\t\t\t\t\t\t\t\t\t\t\t<\/li>\n\n\t\t\t\t\t\t\n\t\t\t\t\t\t<li>\n\t\t\t\t\t\t\t<a  href=\"https:\/\/matger.com\/tr\/resmi-evrak-basimi-bursa\/\" target=\"_self\" > \n\n\t\t\t\t\t\t\t\t\t\t\t\t\t\t\t\t\t<span class=\"link-icon d-inline-flex hide-if-empty left-icon icon-next-to-label\"><i aria-hidden=\"true\" class=\"fas fa-genderless\"><\/i><\/span>\t\n\t\t\t\t\t\t\t\t\n\t\t\t\t\t\t\t\tResmi Evrak Bas\u0131m\u0131  \n\t\t\t\t\t\t\t\t\t\t\t\t\t\t\t<\/a>\n\t\t\t\t\t\t\t\t\t\t\t\t\t<\/li>\n\n\t\t\t\t\t\t\n\t\t\t\t\t\t<li>\n\t\t\t\t\t\t\t<a  href=\"https:\/\/matger.com\/tr\/tahsilat-makbuzu-basimi-bursa\/\" target=\"_self\" > \n\n\t\t\t\t\t\t\t\t\t\t\t\t\t\t\t\t\t<span class=\"link-icon d-inline-flex hide-if-empty left-icon icon-next-to-label\"><i aria-hidden=\"true\" class=\"fas fa-genderless\"><\/i><\/span>\t\n\t\t\t\t\t\t\t\t\n\t\t\t\t\t\t\t\tMakbuz Bask\u0131lar\u0131  \n\t\t\t\t\t\t\t\t\t\t\t\t\t\t\t<\/a>\n\t\t\t\t\t\t\t\t\t\t\t\t\t<\/li>\n\n\t\t\t\t\t\t\n\t\t\t\t\t\t<li>\n\t\t\t\t\t\t\t<a  href=\"https:\/\/matger.com\/tr\/poster-afis-basimi-bursa\/\" target=\"_self\" > \n\n\t\t\t\t\t\t\t\t\t\t\t\t\t\t\t\t\t<span class=\"link-icon d-inline-flex hide-if-empty left-icon icon-next-to-label\"><i aria-hidden=\"true\" class=\"fas fa-genderless\"><\/i><\/span>\t\n\t\t\t\t\t\t\t\t\n\t\t\t\t\t\t\t\tPoster \/ Afi\u015f Bask\u0131  \n\t\t\t\t\t\t\t\t\t\t\t\t\t\t\t<\/a>\n\t\t\t\t\t\t\t\t\t\t\t\t\t<\/li>\n\n\t\t\t\t\t\t\n\t\t\t\t\t\t<li>\n\t\t\t\t\t\t\t<a  href=\"https:\/\/matger.com\/tr\/etiket-basimi-bursa\/\" target=\"_self\" > \n\n\t\t\t\t\t\t\t\t\t\t\t\t\t\t\t\t\t<span class=\"link-icon d-inline-flex hide-if-empty left-icon icon-next-to-label\"><i aria-hidden=\"true\" class=\"fas fa-genderless\"><\/i><\/span>\t\n\t\t\t\t\t\t\t\t\n\t\t\t\t\t\t\t\tEtiket Bask\u0131lar\u0131  \n\t\t\t\t\t\t\t\t\t\t\t\t\t\t\t<\/a>\n\t\t\t\t\t\t\t\t\t\t\t\t\t<\/li>\n\n\t\t\t\t\t\t\t\t\t\t<\/ul>\n\t\t\t\t\t\t\t\t\t<\/div>\n\t\t\t\t<\/div>\n\t\t\t\t<\/div>\n\t\t\t\t\t<\/div>\n\t\t<\/div>\n\t\t\t\t<div class=\"elementor-column elementor-col-50 elementor-top-column elementor-element elementor-element-15be3ae\" data-id=\"15be3ae\" data-element_type=\"column\">\n\t\t\t<div class=\"elementor-widget-wrap elementor-element-populated\">\n\t\t\t\t\t\t\t\t<section class=\"elementor-section elementor-inner-section elementor-element elementor-element-4483586 elementor-section-boxed elementor-section-height-default elementor-section-height-default\" data-id=\"4483586\" data-element_type=\"section\" id=\"hakkimizda\">\n\t\t\t\t\t\t<div class=\"elementor-container elementor-column-gap-default\">\n\t\t\t\t\t<div class=\"elementor-column elementor-col-50 elementor-inner-column elementor-element elementor-element-1415287\" data-id=\"1415287\" data-element_type=\"column\">\n\t\t\t<div class=\"elementor-widget-wrap elementor-element-populated\">\n\t\t\t\t\t\t\t\t<div class=\"elementor-element elementor-element-1882eef elementor-widget elementor-widget-hub_fancy_heading\" data-id=\"1882eef\" data-element_type=\"widget\" data-widget_type=\"hub_fancy_heading.default\">\n\t\t\t\t<div class=\"elementor-widget-container\">\n\t\t\t\n\t\t<div id=\"ld-fancy-heading-6a06003a14fc5\" class=\"ld-fancy-heading pos-rel\">\n\t\t\t<h4 class=\"ld-fh-element d-inline-block pos-rel elementor-heading-title lqd-highlight-classic lqd-highlight-grow-left h4\"  > Kurumsal \u00dcr\u00fcnler<\/h4>\t\t<\/div>\n\n\t\t\t\t<\/div>\n\t\t\t\t<\/div>\n\t\t\t\t\t<\/div>\n\t\t<\/div>\n\t\t\t\t<div class=\"elementor-column elementor-col-50 elementor-inner-column elementor-element elementor-element-1ee6033\" data-id=\"1ee6033\" data-element_type=\"column\">\n\t\t\t<div class=\"elementor-widget-wrap elementor-element-populated\">\n\t\t\t\t\t\t\t\t<div class=\"elementor-element elementor-element-1cb228e elementor-widget-divider--view-line elementor-widget elementor-widget-divider\" data-id=\"1cb228e\" data-element_type=\"widget\" data-widget_type=\"divider.default\">\n\t\t\t\t<div class=\"elementor-widget-container\">\n\t\t\t<style>\/*! elementor - v3.7.0 - 08-08-2022 *\/\n.elementor-widget-divider{--divider-border-style:none;--divider-border-width:1px;--divider-color:#2c2c2c;--divider-icon-size:20px;--divider-element-spacing:10px;--divider-pattern-height:24px;--divider-pattern-size:20px;--divider-pattern-url:none;--divider-pattern-repeat:repeat-x}.elementor-widget-divider .elementor-divider{display:-webkit-box;display:-ms-flexbox;display:flex}.elementor-widget-divider .elementor-divider__text{font-size:15px;line-height:1;max-width:95%}.elementor-widget-divider .elementor-divider__element{margin:0 var(--divider-element-spacing);-ms-flex-negative:0;flex-shrink:0}.elementor-widget-divider .elementor-icon{font-size:var(--divider-icon-size)}.elementor-widget-divider .elementor-divider-separator{display:-webkit-box;display:-ms-flexbox;display:flex;margin:0;direction:ltr}.elementor-widget-divider--view-line_icon .elementor-divider-separator,.elementor-widget-divider--view-line_text .elementor-divider-separator{-webkit-box-align:center;-ms-flex-align:center;align-items:center}.elementor-widget-divider--view-line_icon .elementor-divider-separator:after,.elementor-widget-divider--view-line_icon .elementor-divider-separator:before,.elementor-widget-divider--view-line_text .elementor-divider-separator:after,.elementor-widget-divider--view-line_text .elementor-divider-separator:before{display:block;content:\"\";border-bottom:0;-webkit-box-flex:1;-ms-flex-positive:1;flex-grow:1;border-top:var(--divider-border-width) var(--divider-border-style) var(--divider-color)}.elementor-widget-divider--element-align-left .elementor-divider .elementor-divider-separator>.elementor-divider__svg:first-of-type{-webkit-box-flex:0;-ms-flex-positive:0;flex-grow:0;-ms-flex-negative:100;flex-shrink:100}.elementor-widget-divider--element-align-left .elementor-divider-separator:before{content:none}.elementor-widget-divider--element-align-left .elementor-divider__element{margin-left:0}.elementor-widget-divider--element-align-right .elementor-divider .elementor-divider-separator>.elementor-divider__svg:last-of-type{-webkit-box-flex:0;-ms-flex-positive:0;flex-grow:0;-ms-flex-negative:100;flex-shrink:100}.elementor-widget-divider--element-align-right .elementor-divider-separator:after{content:none}.elementor-widget-divider--element-align-right .elementor-divider__element{margin-right:0}.elementor-widget-divider:not(.elementor-widget-divider--view-line_text):not(.elementor-widget-divider--view-line_icon) .elementor-divider-separator{border-top:var(--divider-border-width) var(--divider-border-style) var(--divider-color)}.elementor-widget-divider--separator-type-pattern{--divider-border-style:none}.elementor-widget-divider--separator-type-pattern.elementor-widget-divider--view-line .elementor-divider-separator,.elementor-widget-divider--separator-type-pattern:not(.elementor-widget-divider--view-line) .elementor-divider-separator:after,.elementor-widget-divider--separator-type-pattern:not(.elementor-widget-divider--view-line) .elementor-divider-separator:before,.elementor-widget-divider--separator-type-pattern:not([class*=elementor-widget-divider--view]) .elementor-divider-separator{width:100%;min-height:var(--divider-pattern-height);-webkit-mask-size:var(--divider-pattern-size) 100%;mask-size:var(--divider-pattern-size) 100%;-webkit-mask-repeat:var(--divider-pattern-repeat);mask-repeat:var(--divider-pattern-repeat);background-color:var(--divider-color);-webkit-mask-image:var(--divider-pattern-url);mask-image:var(--divider-pattern-url)}.elementor-widget-divider--no-spacing{--divider-pattern-size:auto}.elementor-widget-divider--bg-round{--divider-pattern-repeat:round}.rtl .elementor-widget-divider .elementor-divider__text{direction:rtl}.e-container>.elementor-widget-divider{width:var(--container-widget-width,100%);-webkit-box-flex:1;-ms-flex-positive:1;flex-grow:1}<\/style>\t\t<div class=\"elementor-divider\">\n\t\t\t<span class=\"elementor-divider-separator\">\n\t\t\t\t\t\t<\/span>\n\t\t<\/div>\n\t\t\t\t<\/div>\n\t\t\t\t<\/div>\n\t\t\t\t\t<\/div>\n\t\t<\/div>\n\t\t\t\t\t\t\t<\/div>\n\t\t<\/section>\n\t\t\t\t<section class=\"elementor-section elementor-inner-section elementor-element elementor-element-eaee483 elementor-section-boxed elementor-section-height-default elementor-section-height-default\" data-id=\"eaee483\" data-element_type=\"section\">\n\t\t\t\t\t\t<div class=\"elementor-container elementor-column-gap-default\">\n\t\t\t\t\t<div class=\"elementor-column elementor-col-100 elementor-inner-column elementor-element elementor-element-60c06e0\" data-id=\"60c06e0\" data-element_type=\"column\">\n\t\t\t<div class=\"elementor-widget-wrap elementor-element-populated\">\n\t\t\t\t\t\t\t\t<div class=\"elementor-element elementor-element-4bbac39 elementor-widget elementor-widget-ld_fancy_image\" data-id=\"4bbac39\" data-element_type=\"widget\" data-widget_type=\"ld_fancy_image.default\">\n\t\t\t\t<div class=\"elementor-widget-container\">\n\t\t\t\n\t\t\t<div class=\"lqd-imggrp-single d-block pos-rel\"   >\n\t\t\t\t\n\t\t\t<div class=\"lqd-imggrp-img-container d-inline-flex pos-rel align-items-center justify-content-center\">\n\t\t\t\t\t\t\t\t<figure class=\"w-100 pos-rel\"   >\n\t\t\t\t\t<img decoding=\"async\" width=\"2000\" height=\"1329\" src=\"https:\/\/matger.com\/tr\/wp-content\/uploads\/Bursa-Baski-Cozumleri-Uygulamalar-25.jpg\" class=\"attachment-full size-full\" alt=\"\" srcset=\"https:\/\/matger.com\/tr\/wp-content\/uploads\/Bursa-Baski-Cozumleri-Uygulamalar-25.jpg 2000w, https:\/\/matger.com\/tr\/wp-content\/uploads\/Bursa-Baski-Cozumleri-Uygulamalar-25-300x199.jpg 300w, https:\/\/matger.com\/tr\/wp-content\/uploads\/Bursa-Baski-Cozumleri-Uygulamalar-25-1024x680.jpg 1024w, https:\/\/matger.com\/tr\/wp-content\/uploads\/Bursa-Baski-Cozumleri-Uygulamalar-25-1536x1021.jpg 1536w\" sizes=\"(max-width: 2000px) 100vw, 2000px\" itemprop=\"image\" \/>\t\t\t\t\t\t\t\t\t\t\t\t\t\t\t\t\t\t\t\t\t\t\t\t\t\t\t\t\t<\/figure>\n\t\t\t\t\t\n\t\t\t<\/div>\n\t\t<\/div>\n\n\t\t\t<\/div>\n\t\t\t\t<\/div>\n\t\t\t\t<div class=\"elementor-element elementor-element-a2f5c9c elementor-widget elementor-widget-text-editor\" data-id=\"a2f5c9c\" data-element_type=\"widget\" data-widget_type=\"text-editor.default\">\n\t\t\t\t<div class=\"elementor-widget-container\">\n\t\t\t<style>\/*! elementor - v3.7.0 - 08-08-2022 *\/\n.elementor-widget-text-editor.elementor-drop-cap-view-stacked .elementor-drop-cap{background-color:#818a91;color:#fff}.elementor-widget-text-editor.elementor-drop-cap-view-framed .elementor-drop-cap{color:#818a91;border:3px solid;background-color:transparent}.elementor-widget-text-editor:not(.elementor-drop-cap-view-default) .elementor-drop-cap{margin-top:8px}.elementor-widget-text-editor:not(.elementor-drop-cap-view-default) .elementor-drop-cap-letter{width:1em;height:1em}.elementor-widget-text-editor .elementor-drop-cap{float:left;text-align:center;line-height:1;font-size:50px}.elementor-widget-text-editor .elementor-drop-cap-letter{display:inline-block}<\/style>\t\t\t\t<h3 data-start=\"268\" data-end=\"291\">Cepli Dosya Bask\u0131s\u0131<\/h3><p data-start=\"293\" data-end=\"633\">Cepli dosyalar, kurumsal evraklar\u0131n\u0131z\u0131 d\u00fczenli \u015fekilde sunman\u0131n yan\u0131 s\u0131ra markan\u0131z\u0131n prestijini yans\u0131tan \u00f6nemli bir tan\u0131t\u0131m arac\u0131d\u0131r. Toplant\u0131larda, teklif sunumlar\u0131nda ve fuarlarda profesyonel g\u00f6r\u00fcn\u00fcm sa\u011flar. MATGER Matbaa olarak, amaca uygun malzeme se\u00e7imi ve \u00f6zenli bask\u0131 kalitesiyle cepli dosya \u00fcretiminde size kurumsal \u00e7\u00f6z\u00fcm sunuyoruz.<\/p><p data-start=\"635\" data-end=\"657\"><strong data-start=\"635\" data-end=\"657\">Teknik \u00d6zellikler:<\/strong><\/p><ul><li data-start=\"661\" data-end=\"724\">350 gr mat ku\u015fe, Amerikan Bristol veya \u00f6zel ka\u011f\u0131t se\u00e7enekleri<\/li><li data-start=\"727\" data-end=\"762\">Tek cepli veya \u00e7ift cepli tasar\u0131m<\/li><li data-start=\"765\" data-end=\"795\">Kartvizit yuvas\u0131 eklenebilir<\/li><li data-start=\"798\" data-end=\"831\">Mat veya parlak selefon kaplama<\/li><li data-start=\"834\" data-end=\"880\">Spot lak, gofre, varak gibi \u00f6zel uygulamalar<\/li><li data-start=\"883\" data-end=\"907\">\u00d6zel kesim se\u00e7enekleri<\/li><li data-start=\"910\" data-end=\"958\">\u0130\u00e7 ve d\u0131\u015f y\u00fczeyde farkl\u0131 tasar\u0131m uygulanabilir<\/li><li data-start=\"961\" data-end=\"1004\">A4 uyumlu standart ebat veya \u00f6zel \u00f6l\u00e7\u00fcler<\/li><\/ul><hr data-start=\"1006\" data-end=\"1009\" \/><h3 data-start=\"1011\" data-end=\"1032\">Kartvizit Bask\u0131s\u0131<\/h3><p data-start=\"1034\" data-end=\"1336\">Kartvizit, kurumsal kimli\u011finizi tan\u0131tan ve i\u015f d\u00fcnyas\u0131ndaki ilk izlenimi belirleyen \u00f6nemli bir bas\u0131l\u0131 materyaldir. Etkileyici tasar\u0131m\u0131 ve kaliteli bask\u0131s\u0131yla dikkat \u00e7eken kartvizitler, sizi do\u011fru bi\u00e7imde temsil eder. MATGER Matbaa olarak, \u00f6zg\u00fcn tasar\u0131m ve \u00f6zenli \u00fcretimle kartvizitlerinizi haz\u0131rl\u0131yoruz.<\/p><p data-start=\"1338\" data-end=\"1360\"><strong data-start=\"1338\" data-end=\"1360\">Teknik \u00d6zellikler:<\/strong><\/p><ul><li data-start=\"1364\" data-end=\"1437\">300 gr \u2013 350 gr ku\u015fe, tual, kraft, PVC ve \u00f6zel dokulu ka\u011f\u0131t se\u00e7enekleri<\/li><li data-start=\"1440\" data-end=\"1469\">Tek y\u00fcz veya \u00e7ift y\u00fcz bask\u0131<\/li><li data-start=\"1472\" data-end=\"1505\">Mat veya parlak selefon kaplama<\/li><li data-start=\"1508\" data-end=\"1563\">\u00d6zel kesim, oval k\u00f6\u015fe veya farkl\u0131 ebat alternatifleri<\/li><li data-start=\"1566\" data-end=\"1616\">Kabartma lak, gofre ve varak yald\u0131z uygulamalar\u0131<\/li><li data-start=\"1619\" data-end=\"1657\">Yatay veya dikey tasar\u0131m se\u00e7enekleri<\/li><li data-start=\"1660\" data-end=\"1692\">Renkli ya da siyah-beyaz bask\u0131<\/li><\/ul><hr data-start=\"1694\" data-end=\"1697\" \/><h3 data-start=\"1699\" data-end=\"1724\">Antetli Ka\u011f\u0131t Bask\u0131s\u0131<\/h3><p data-start=\"1726\" data-end=\"2055\">Antetli ka\u011f\u0131t, yaz\u0131\u015fmalar\u0131n\u0131zda kurumsal g\u00f6r\u00fcn\u00fcm\u00fc destekleyen, firman\u0131z\u0131n g\u00fcvenilirli\u011fini belgeleyen \u00f6nemli bir ara\u00e7t\u0131r. Logo, unvan ve ileti\u015fim bilgileriyle \u00f6zelle\u015ftirilmi\u015f antetli ka\u011f\u0131tlar, t\u00fcm resmi belgelerde sizi temsil eder. MATGER Matbaa olarak, antetli ka\u011f\u0131t \u00fcretimini y\u00fcksek kalite ve ofset bask\u0131 g\u00fcvencesiyle sunuyoruz.<\/p><p data-start=\"2057\" data-end=\"2079\"><strong data-start=\"2057\" data-end=\"2079\">Teknik \u00d6zellikler:<\/strong><\/p><ul><li data-start=\"2083\" data-end=\"2126\">A4 boyutunda (21 x 29,7 cm) standart \u00f6l\u00e7\u00fc<\/li><li data-start=\"2129\" data-end=\"2169\">90 gr \u2013 120 gr 1. hamur ka\u011f\u0131t se\u00e7ene\u011fi<\/li><li data-start=\"2172\" data-end=\"2212\">Tek renk (siyah) veya \u00e7ok renkli bask\u0131<\/li><li data-start=\"2215\" data-end=\"2270\">Yaz\u0131c\u0131 ve fotokopi makineleriyle uyumlu bask\u0131 sistemi<\/li><li data-start=\"2273\" data-end=\"2330\">Firman\u0131za \u00f6zel logo ve ileti\u015fim bilgileriyle haz\u0131rlan\u0131r<\/li><li data-start=\"2333\" data-end=\"2391\">\u0130stenirse arka sayfa bilgisi ya da watermark eklenebilir<\/li><\/ul><hr data-start=\"2393\" data-end=\"2396\" \/><h3 data-start=\"2398\" data-end=\"2414\">Zarf Bask\u0131s\u0131<\/h3><p data-start=\"2416\" data-end=\"2679\">Zarf, kurumsal evraklar\u0131n ta\u015f\u0131nmas\u0131nda ve g\u00f6nderiminde prestijli bir g\u00f6r\u00fcn\u00fcm sa\u011flayan \u00f6nemli bir unsurdur. Markan\u0131z\u0131 ta\u015f\u0131yan \u00f6zel bask\u0131l\u0131 zarflar, yaz\u0131\u015fmalar\u0131n\u0131zda ilk temas\u0131 kurar. MATGER Matbaa olarak, farkl\u0131 ebat ve \u00f6zelliklerde zarf bask\u0131 \u00e7\u00f6z\u00fcmleri sunuyoruz.<\/p><p data-start=\"2681\" data-end=\"2703\"><strong data-start=\"2681\" data-end=\"2703\">Teknik \u00d6zellikler:<\/strong><\/p><ul><li data-start=\"2707\" data-end=\"2745\">Pencereli veya penceresiz se\u00e7enekler<\/li><li data-start=\"2748\" data-end=\"2806\">Diplomat zarf, torba zarf, A4 zarf gibi \u00e7e\u015fitli modeller<\/li><li data-start=\"2809\" data-end=\"2869\">90 gr 1. hamur ka\u011f\u0131t veya talebe g\u00f6re \u00f6zel ka\u011f\u0131t kullan\u0131m\u0131<\/li><li data-start=\"2872\" data-end=\"2910\">Tek renk veya \u00e7ok renkli ofset bask\u0131<\/li><li data-start=\"2913\" data-end=\"2961\">Logolu, adres ve ileti\u015fim bilgili \u00f6zelle\u015ftirme<\/li><li data-start=\"2964\" data-end=\"3011\">Standart \u00f6l\u00e7\u00fc veya ihtiyaca g\u00f6re \u00f6zel ebatlar<\/li><li data-start=\"3014\" data-end=\"3068\">Yap\u0131\u015fkanl\u0131 veya nemli yap\u0131\u015ft\u0131rmal\u0131 kapak se\u00e7enekleri<\/li><\/ul>\t\t\t\t\t\t<\/div>\n\t\t\t\t<\/div>\n\t\t\t\t\t<\/div>\n\t\t<\/div>\n\t\t\t\t\t\t\t<\/div>\n\t\t<\/section>\n\t\t\t\t\t<\/div>\n\t\t<\/div>\n\t\t\t\t\t\t\t<\/div>\n\t\t<\/section>\n\t\t\t\t\t\t\t<\/div>\n\t\t","protected":false},"excerpt":{"rendered":"<p>Kurumsal \u00dcr\u00fcnler Firman\u0131za \u00f6zel bask\u0131 i\u015fleriniz i\u00e7in her zaman yan\u0131n\u0131zday\u0131z. \u00dcR\u00dcNLER\u0130M\u0130Z Katalog \/ Dergi Bask\u0131 Bro\u015f\u00fcr \/ El \u0130lan\u0131 \/ \u0130nsert Bask\u0131 Kurumsal \u00dcr\u00fcnler \u00dcr\u00fcn Kutu Bask\u0131lar\u0131 Resmi Evrak Bas\u0131m\u0131 Makbuz Bask\u0131lar\u0131 Poster \/ Afi\u015f Bask\u0131 Etiket Bask\u0131lar\u0131 Kurumsal \u00dcr\u00fcnler Cepli Dosya Bask\u0131s\u0131 Cepli dosyalar, kurumsal evraklar\u0131n\u0131z\u0131 d\u00fczenli \u015fekilde sunman\u0131n yan\u0131 s\u0131ra markan\u0131z\u0131n prestijini yans\u0131tan [&hellip;]<\/p>\n","protected":false},"author":1,"featured_media":0,"parent":0,"menu_order":0,"comment_status":"closed","ping_status":"closed","template":"","meta":{"footnotes":""},"class_list":["post-5010","page","type-page","status-publish","hentry"],"_links":{"self":[{"href":"https:\/\/matger.com\/tr\/wp-json\/wp\/v2\/pages\/5010","targetHints":{"allow":["GET"]}}],"collection":[{"href":"https:\/\/matger.com\/tr\/wp-json\/wp\/v2\/pages"}],"about":[{"href":"https:\/\/matger.com\/tr\/wp-json\/wp\/v2\/types\/page"}],"author":[{"embeddable":true,"href":"https:\/\/matger.com\/tr\/wp-json\/wp\/v2\/users\/1"}],"replies":[{"embeddable":true,"href":"https:\/\/matger.com\/tr\/wp-json\/wp\/v2\/comments?post=5010"}],"version-history":[{"count":7,"href":"https:\/\/matger.com\/tr\/wp-json\/wp\/v2\/pages\/5010\/revisions"}],"predecessor-version":[{"id":5211,"href":"https:\/\/matger.com\/tr\/wp-json\/wp\/v2\/pages\/5010\/revisions\/5211"}],"wp:attachment":[{"href":"https:\/\/matger.com\/tr\/wp-json\/wp\/v2\/media?parent=5010"}],"curies":[{"name":"wp","href":"https:\/\/api.w.org\/{rel}","templated":true}]}}