{"id":5036,"date":"2025-07-14T07:52:18","date_gmt":"2025-07-14T04:52:18","guid":{"rendered":"https:\/\/matger.com\/tr\/?page_id=5036"},"modified":"2025-08-04T14:17:35","modified_gmt":"2025-08-04T11:17:35","slug":"poster-afis-basimi-bursa","status":"publish","type":"page","link":"https:\/\/matger.com\/tr\/poster-afis-basimi-bursa\/","title":{"rendered":"Poster \/ Afi\u015f Bas\u0131m\u0131 Bursa"},"content":{"rendered":"\t\t<div data-elementor-type=\"wp-page\" data-elementor-id=\"5036\" class=\"elementor elementor-5036\">\n\t\t\t\t\t\t\t\t\t<section class=\"elementor-section elementor-top-section elementor-element elementor-element-3e4879f elementor-section-boxed elementor-section-height-default elementor-section-height-default\" data-id=\"3e4879f\" data-element_type=\"section\" data-settings=\"{&quot;background_background&quot;:&quot;classic&quot;}\">\n\t\t\t\t\t\t\t<div class=\"elementor-background-overlay\"><\/div>\n\t\t\t\t\t\t\t<div class=\"elementor-container elementor-column-gap-default\">\n\t\t\t\t\t<div class=\"elementor-column elementor-col-100 elementor-top-column elementor-element elementor-element-8d2a560\" data-id=\"8d2a560\" data-element_type=\"column\">\n\t\t\t<div class=\"elementor-widget-wrap elementor-element-populated\">\n\t\t\t\t\t\t\t\t<section class=\"elementor-section elementor-inner-section elementor-element elementor-element-7013c2e elementor-section-boxed elementor-section-height-default elementor-section-height-default\" data-id=\"7013c2e\" data-element_type=\"section\">\n\t\t\t\t\t\t<div class=\"elementor-container elementor-column-gap-default\">\n\t\t\t\t\t<div class=\"elementor-column elementor-col-50 elementor-inner-column elementor-element elementor-element-87ec41c\" data-id=\"87ec41c\" data-element_type=\"column\">\n\t\t\t<div class=\"elementor-widget-wrap elementor-element-populated\">\n\t\t\t\t\t\t\t\t<div class=\"elementor-element elementor-element-92fc94c elementor-widget elementor-widget-hub_fancy_heading\" data-id=\"92fc94c\" data-element_type=\"widget\" data-widget_type=\"hub_fancy_heading.default\">\n\t\t\t\t<div class=\"elementor-widget-container\">\n\t\t\t\n\t\t<div id=\"ld-fancy-heading-6a06007fe46e7\" class=\"ld-fancy-heading pos-rel\">\n\t\t\t<h1 class=\"ld-fh-element d-inline-block pos-rel elementor-heading-title lqd-highlight-classic lqd-highlight-grow-left h1\"  > Poster \/ Afi\u015f<\/h1>\t\t<\/div>\n\n\t\t\t\t<\/div>\n\t\t\t\t<\/div>\n\t\t\t\t\t<\/div>\n\t\t<\/div>\n\t\t\t\t<div class=\"elementor-column elementor-col-50 elementor-inner-column elementor-element elementor-element-ea72417\" data-id=\"ea72417\" data-element_type=\"column\">\n\t\t\t<div class=\"elementor-widget-wrap elementor-element-populated\">\n\t\t\t\t\t\t\t\t<div class=\"elementor-element elementor-element-f653106 elementor-widget elementor-widget-hub_fancy_heading\" data-id=\"f653106\" data-element_type=\"widget\" data-widget_type=\"hub_fancy_heading.default\">\n\t\t\t\t<div class=\"elementor-widget-container\">\n\t\t\t\n\t\t<div id=\"ld-fancy-heading-6a06007fe5d2d\" class=\"ld-fancy-heading pos-rel\">\n\t\t\t<p class=\"ld-fh-element d-inline-block pos-rel lqd-highlight-classic lqd-highlight-grow-left p\"  > Firman\u0131za \u00f6zel bask\u0131 i\u015fleriniz i\u00e7in her zaman yan\u0131n\u0131zday\u0131z.<\/p>\t\t<\/div>\n\n\t\t\t\t<\/div>\n\t\t\t\t<\/div>\n\t\t\t\t\t<\/div>\n\t\t<\/div>\n\t\t\t\t\t\t\t<\/div>\n\t\t<\/section>\n\t\t\t\t\t<\/div>\n\t\t<\/div>\n\t\t\t\t\t\t\t<\/div>\n\t\t<\/section>\n\t\t\t\t<section class=\"elementor-section elementor-top-section elementor-element elementor-element-bf19241 elementor-section-boxed elementor-section-height-default elementor-section-height-default\" data-id=\"bf19241\" data-element_type=\"section\">\n\t\t\t\t\t\t<div class=\"elementor-container elementor-column-gap-default\">\n\t\t\t\t\t<div class=\"lqd-css-sticky-column elementor-column elementor-col-50 elementor-top-column elementor-element elementor-element-a02b78d elementor-hidden-tablet elementor-hidden-mobile\" style=\"--lqd-sticky-offset:30px\" data-id=\"a02b78d\" data-element_type=\"column\" data-settings=\"{&quot;background_background&quot;:&quot;classic&quot;}\">\n\t\t\t<div class=\"elementor-widget-wrap elementor-element-populated\">\n\t\t\t\t\t\t\t\t<div class=\"elementor-element elementor-element-df93dcf elementor-widget elementor-widget-hub_fancy_heading\" data-id=\"df93dcf\" data-element_type=\"widget\" data-widget_type=\"hub_fancy_heading.default\">\n\t\t\t\t<div class=\"elementor-widget-container\">\n\t\t\t\n\t\t<div id=\"ld-fancy-heading-6a06007fe7bba\" class=\"ld-fancy-heading pos-rel\">\n\t\t\t<h6 class=\"ld-fh-element d-inline-block pos-rel elementor-heading-title lqd-highlight-classic lqd-highlight-grow-left h6\"  > \u00dcR\u00dcNLER\u0130M\u0130Z<\/h6>\t\t<\/div>\n\n\t\t\t\t<\/div>\n\t\t\t\t<\/div>\n\t\t\t\t<div class=\"elementor-element elementor-element-c78f321 elementor-widget elementor-widget-ld_custom_menu\" data-id=\"c78f321\" data-element_type=\"widget\" data-widget_type=\"ld_custom_menu.default\">\n\t\t\t\t<div class=\"elementor-widget-container\">\n\t\t\t\n\t\t\t<div  \n\t\t\t\tclass=\"lqd-fancy-menu lqd-custom-menu pos-rel menu-items-has-fill left lqd-menu-td-none\"\n\t\t\t\t\t\t\t>\n\t\t\t\n\t\t\t\t\t\t\t<ul class=\"reset-ul\" id=\"c78f321\"  data-localscroll=\"true\" data-localscroll-options=\"{&quot;itemsSelector&quot;:&quot;&gt; li &gt; a&quot;,&quot;trackWindowScroll&quot;:true,&quot;includeParentAsOffset&quot;:false,&quot;offsetElements&quot;:&quot;[data-sticky-header] .lqd-head-sec-wrap:not(.lqd-hide-onstuck), #wpadminbar, body.elementor-page .main-header[data-sticky-header] &gt; .elementor &gt; .elementor-section-wrap &gt; .elementor-section:not(.lqd-hide-onstuck):not(.lqd-stickybar-wrap), body.elementor-page .main-header[data-sticky-header] &gt; .elementor &gt; .elementor-section:not(.lqd-hide-onstuck):not(.lqd-stickybar-wrap)&quot;}\">\n\t\t\t\t\n\t\t\t\t\t\t<li>\n\t\t\t\t\t\t\t<a  href=\"https:\/\/matger.com\/tr\/katalog-dergi-basimi-bursa\/\" target=\"_self\" > \n\n\t\t\t\t\t\t\t\t\t\t\t\t\t\t\t\t\t<span class=\"link-icon d-inline-flex hide-if-empty left-icon icon-next-to-label\"><i aria-hidden=\"true\" class=\"fas fa-genderless\"><\/i><\/span>\t\n\t\t\t\t\t\t\t\t\n\t\t\t\t\t\t\t\tKatalog \/ Dergi Bask\u0131  \n\t\t\t\t\t\t\t\t\t\t\t\t\t\t\t<\/a>\n\t\t\t\t\t\t\t\t\t\t\t\t\t<\/li>\n\n\t\t\t\t\t\t\n\t\t\t\t\t\t<li>\n\t\t\t\t\t\t\t<a  href=\"https:\/\/matger.com\/tr\/brosur-el-ilani-insert-basimi-bursa\/\" target=\"_self\" > \n\n\t\t\t\t\t\t\t\t\t\t\t\t\t\t\t\t\t<span class=\"link-icon d-inline-flex hide-if-empty left-icon icon-next-to-label\"><i aria-hidden=\"true\" class=\"fas fa-genderless\"><\/i><\/span>\t\n\t\t\t\t\t\t\t\t\n\t\t\t\t\t\t\t\tBro\u015f\u00fcr \/ El \u0130lan\u0131 \/ \u0130nsert Bask\u0131  \n\t\t\t\t\t\t\t\t\t\t\t\t\t\t\t<\/a>\n\t\t\t\t\t\t\t\t\t\t\t\t\t<\/li>\n\n\t\t\t\t\t\t\n\t\t\t\t\t\t<li>\n\t\t\t\t\t\t\t<a  href=\"https:\/\/matger.com\/tr\/antetli-kagit-zarf-kartvizit-basimi-bursa\/\" target=\"_self\" > \n\n\t\t\t\t\t\t\t\t\t\t\t\t\t\t\t\t\t<span class=\"link-icon d-inline-flex hide-if-empty left-icon icon-next-to-label\"><i aria-hidden=\"true\" class=\"fas fa-genderless\"><\/i><\/span>\t\n\t\t\t\t\t\t\t\t\n\t\t\t\t\t\t\t\tKurumsal \u00dcr\u00fcnler  \n\t\t\t\t\t\t\t\t\t\t\t\t\t\t\t<\/a>\n\t\t\t\t\t\t\t\t\t\t\t\t\t<\/li>\n\n\t\t\t\t\t\t\n\t\t\t\t\t\t<li>\n\t\t\t\t\t\t\t<a  href=\"https:\/\/matger.com\/tr\/urun-kutusu-baskisi-bursa\/\" target=\"_self\" > \n\n\t\t\t\t\t\t\t\t\t\t\t\t\t\t\t\t\t<span class=\"link-icon d-inline-flex hide-if-empty left-icon icon-next-to-label\"><i aria-hidden=\"true\" class=\"fas fa-genderless\"><\/i><\/span>\t\n\t\t\t\t\t\t\t\t\n\t\t\t\t\t\t\t\t\u00dcr\u00fcn Kutu Bask\u0131lar\u0131  \n\t\t\t\t\t\t\t\t\t\t\t\t\t\t\t<\/a>\n\t\t\t\t\t\t\t\t\t\t\t\t\t<\/li>\n\n\t\t\t\t\t\t\n\t\t\t\t\t\t<li>\n\t\t\t\t\t\t\t<a  href=\"https:\/\/matger.com\/tr\/resmi-evrak-basimi-bursa\/\" target=\"_self\" > \n\n\t\t\t\t\t\t\t\t\t\t\t\t\t\t\t\t\t<span class=\"link-icon d-inline-flex hide-if-empty left-icon icon-next-to-label\"><i aria-hidden=\"true\" class=\"fas fa-genderless\"><\/i><\/span>\t\n\t\t\t\t\t\t\t\t\n\t\t\t\t\t\t\t\tResmi Evrak Bas\u0131m\u0131  \n\t\t\t\t\t\t\t\t\t\t\t\t\t\t\t<\/a>\n\t\t\t\t\t\t\t\t\t\t\t\t\t<\/li>\n\n\t\t\t\t\t\t\n\t\t\t\t\t\t<li>\n\t\t\t\t\t\t\t<a  href=\"https:\/\/matger.com\/tr\/tahsilat-makbuzu-basimi-bursa\/\" target=\"_self\" > \n\n\t\t\t\t\t\t\t\t\t\t\t\t\t\t\t\t\t<span class=\"link-icon d-inline-flex hide-if-empty left-icon icon-next-to-label\"><i aria-hidden=\"true\" class=\"fas fa-genderless\"><\/i><\/span>\t\n\t\t\t\t\t\t\t\t\n\t\t\t\t\t\t\t\tMakbuz Bask\u0131lar\u0131  \n\t\t\t\t\t\t\t\t\t\t\t\t\t\t\t<\/a>\n\t\t\t\t\t\t\t\t\t\t\t\t\t<\/li>\n\n\t\t\t\t\t\t\n\t\t\t\t\t\t<li>\n\t\t\t\t\t\t\t<a  href=\"https:\/\/matger.com\/tr\/poster-afis-basimi-bursa\/\" target=\"_self\" > \n\n\t\t\t\t\t\t\t\t\t\t\t\t\t\t\t\t\t<span class=\"link-icon d-inline-flex hide-if-empty left-icon icon-next-to-label\"><i aria-hidden=\"true\" class=\"fas fa-genderless\"><\/i><\/span>\t\n\t\t\t\t\t\t\t\t\n\t\t\t\t\t\t\t\tPoster \/ Afi\u015f Bask\u0131  \n\t\t\t\t\t\t\t\t\t\t\t\t\t\t\t<\/a>\n\t\t\t\t\t\t\t\t\t\t\t\t\t<\/li>\n\n\t\t\t\t\t\t\n\t\t\t\t\t\t<li>\n\t\t\t\t\t\t\t<a  href=\"https:\/\/matger.com\/tr\/etiket-basimi-bursa\/\" target=\"_self\" > \n\n\t\t\t\t\t\t\t\t\t\t\t\t\t\t\t\t\t<span class=\"link-icon d-inline-flex hide-if-empty left-icon icon-next-to-label\"><i aria-hidden=\"true\" class=\"fas fa-genderless\"><\/i><\/span>\t\n\t\t\t\t\t\t\t\t\n\t\t\t\t\t\t\t\tEtiket Bask\u0131lar\u0131  \n\t\t\t\t\t\t\t\t\t\t\t\t\t\t\t<\/a>\n\t\t\t\t\t\t\t\t\t\t\t\t\t<\/li>\n\n\t\t\t\t\t\t\t\t\t\t<\/ul>\n\t\t\t\t\t\t\t\t\t<\/div>\n\t\t\t\t<\/div>\n\t\t\t\t<\/div>\n\t\t\t\t\t<\/div>\n\t\t<\/div>\n\t\t\t\t<div class=\"elementor-column elementor-col-50 elementor-top-column elementor-element elementor-element-15be3ae\" data-id=\"15be3ae\" data-element_type=\"column\">\n\t\t\t<div class=\"elementor-widget-wrap elementor-element-populated\">\n\t\t\t\t\t\t\t\t<section class=\"elementor-section elementor-inner-section elementor-element elementor-element-4483586 elementor-section-boxed elementor-section-height-default elementor-section-height-default\" data-id=\"4483586\" data-element_type=\"section\" id=\"hakkimizda\">\n\t\t\t\t\t\t<div class=\"elementor-container elementor-column-gap-default\">\n\t\t\t\t\t<div class=\"elementor-column elementor-col-50 elementor-inner-column elementor-element elementor-element-1415287\" data-id=\"1415287\" data-element_type=\"column\">\n\t\t\t<div class=\"elementor-widget-wrap elementor-element-populated\">\n\t\t\t\t\t\t\t\t<div class=\"elementor-element elementor-element-1882eef elementor-widget elementor-widget-hub_fancy_heading\" data-id=\"1882eef\" data-element_type=\"widget\" data-widget_type=\"hub_fancy_heading.default\">\n\t\t\t\t<div class=\"elementor-widget-container\">\n\t\t\t\n\t\t<div id=\"ld-fancy-heading-6a06007fedf45\" class=\"ld-fancy-heading pos-rel\">\n\t\t\t<h4 class=\"ld-fh-element d-inline-block pos-rel elementor-heading-title lqd-highlight-classic lqd-highlight-grow-left h4\"  > Poster \/ Afi\u015f<\/h4>\t\t<\/div>\n\n\t\t\t\t<\/div>\n\t\t\t\t<\/div>\n\t\t\t\t\t<\/div>\n\t\t<\/div>\n\t\t\t\t<div class=\"elementor-column elementor-col-50 elementor-inner-column elementor-element elementor-element-1ee6033\" data-id=\"1ee6033\" data-element_type=\"column\">\n\t\t\t<div class=\"elementor-widget-wrap elementor-element-populated\">\n\t\t\t\t\t\t\t\t<div class=\"elementor-element elementor-element-1cb228e elementor-widget-divider--view-line elementor-widget elementor-widget-divider\" data-id=\"1cb228e\" data-element_type=\"widget\" data-widget_type=\"divider.default\">\n\t\t\t\t<div class=\"elementor-widget-container\">\n\t\t\t<style>\/*! elementor - v3.7.0 - 08-08-2022 *\/\n.elementor-widget-divider{--divider-border-style:none;--divider-border-width:1px;--divider-color:#2c2c2c;--divider-icon-size:20px;--divider-element-spacing:10px;--divider-pattern-height:24px;--divider-pattern-size:20px;--divider-pattern-url:none;--divider-pattern-repeat:repeat-x}.elementor-widget-divider .elementor-divider{display:-webkit-box;display:-ms-flexbox;display:flex}.elementor-widget-divider .elementor-divider__text{font-size:15px;line-height:1;max-width:95%}.elementor-widget-divider .elementor-divider__element{margin:0 var(--divider-element-spacing);-ms-flex-negative:0;flex-shrink:0}.elementor-widget-divider .elementor-icon{font-size:var(--divider-icon-size)}.elementor-widget-divider .elementor-divider-separator{display:-webkit-box;display:-ms-flexbox;display:flex;margin:0;direction:ltr}.elementor-widget-divider--view-line_icon .elementor-divider-separator,.elementor-widget-divider--view-line_text .elementor-divider-separator{-webkit-box-align:center;-ms-flex-align:center;align-items:center}.elementor-widget-divider--view-line_icon .elementor-divider-separator:after,.elementor-widget-divider--view-line_icon .elementor-divider-separator:before,.elementor-widget-divider--view-line_text .elementor-divider-separator:after,.elementor-widget-divider--view-line_text .elementor-divider-separator:before{display:block;content:\"\";border-bottom:0;-webkit-box-flex:1;-ms-flex-positive:1;flex-grow:1;border-top:var(--divider-border-width) var(--divider-border-style) var(--divider-color)}.elementor-widget-divider--element-align-left .elementor-divider .elementor-divider-separator>.elementor-divider__svg:first-of-type{-webkit-box-flex:0;-ms-flex-positive:0;flex-grow:0;-ms-flex-negative:100;flex-shrink:100}.elementor-widget-divider--element-align-left .elementor-divider-separator:before{content:none}.elementor-widget-divider--element-align-left .elementor-divider__element{margin-left:0}.elementor-widget-divider--element-align-right .elementor-divider .elementor-divider-separator>.elementor-divider__svg:last-of-type{-webkit-box-flex:0;-ms-flex-positive:0;flex-grow:0;-ms-flex-negative:100;flex-shrink:100}.elementor-widget-divider--element-align-right .elementor-divider-separator:after{content:none}.elementor-widget-divider--element-align-right .elementor-divider__element{margin-right:0}.elementor-widget-divider:not(.elementor-widget-divider--view-line_text):not(.elementor-widget-divider--view-line_icon) .elementor-divider-separator{border-top:var(--divider-border-width) var(--divider-border-style) var(--divider-color)}.elementor-widget-divider--separator-type-pattern{--divider-border-style:none}.elementor-widget-divider--separator-type-pattern.elementor-widget-divider--view-line .elementor-divider-separator,.elementor-widget-divider--separator-type-pattern:not(.elementor-widget-divider--view-line) .elementor-divider-separator:after,.elementor-widget-divider--separator-type-pattern:not(.elementor-widget-divider--view-line) .elementor-divider-separator:before,.elementor-widget-divider--separator-type-pattern:not([class*=elementor-widget-divider--view]) .elementor-divider-separator{width:100%;min-height:var(--divider-pattern-height);-webkit-mask-size:var(--divider-pattern-size) 100%;mask-size:var(--divider-pattern-size) 100%;-webkit-mask-repeat:var(--divider-pattern-repeat);mask-repeat:var(--divider-pattern-repeat);background-color:var(--divider-color);-webkit-mask-image:var(--divider-pattern-url);mask-image:var(--divider-pattern-url)}.elementor-widget-divider--no-spacing{--divider-pattern-size:auto}.elementor-widget-divider--bg-round{--divider-pattern-repeat:round}.rtl .elementor-widget-divider .elementor-divider__text{direction:rtl}.e-container>.elementor-widget-divider{width:var(--container-widget-width,100%);-webkit-box-flex:1;-ms-flex-positive:1;flex-grow:1}<\/style>\t\t<div class=\"elementor-divider\">\n\t\t\t<span class=\"elementor-divider-separator\">\n\t\t\t\t\t\t<\/span>\n\t\t<\/div>\n\t\t\t\t<\/div>\n\t\t\t\t<\/div>\n\t\t\t\t\t<\/div>\n\t\t<\/div>\n\t\t\t\t\t\t\t<\/div>\n\t\t<\/section>\n\t\t\t\t<section class=\"elementor-section elementor-inner-section elementor-element elementor-element-eaee483 elementor-section-boxed elementor-section-height-default elementor-section-height-default\" data-id=\"eaee483\" data-element_type=\"section\">\n\t\t\t\t\t\t<div class=\"elementor-container elementor-column-gap-default\">\n\t\t\t\t\t<div class=\"elementor-column elementor-col-100 elementor-inner-column elementor-element elementor-element-60c06e0\" data-id=\"60c06e0\" data-element_type=\"column\">\n\t\t\t<div class=\"elementor-widget-wrap elementor-element-populated\">\n\t\t\t\t\t\t\t\t<div class=\"elementor-element elementor-element-4bbac39 elementor-widget elementor-widget-ld_fancy_image\" data-id=\"4bbac39\" data-element_type=\"widget\" data-widget_type=\"ld_fancy_image.default\">\n\t\t\t\t<div class=\"elementor-widget-container\">\n\t\t\t\n\t\t\t<div class=\"lqd-imggrp-single d-block pos-rel\"   >\n\t\t\t\t\n\t\t\t<div class=\"lqd-imggrp-img-container d-inline-flex pos-rel align-items-center justify-content-center\">\n\t\t\t\t\t\t\t\t<figure class=\"w-100 pos-rel\"   >\n\t\t\t\t\t<img decoding=\"async\" width=\"2000\" height=\"1329\" src=\"https:\/\/matger.com\/tr\/wp-content\/uploads\/Bursa-Baski-Cozumleri-Uygulamalar-32.jpg\" class=\"attachment-full size-full\" alt=\"\" srcset=\"https:\/\/matger.com\/tr\/wp-content\/uploads\/Bursa-Baski-Cozumleri-Uygulamalar-32.jpg 2000w, https:\/\/matger.com\/tr\/wp-content\/uploads\/Bursa-Baski-Cozumleri-Uygulamalar-32-300x199.jpg 300w, https:\/\/matger.com\/tr\/wp-content\/uploads\/Bursa-Baski-Cozumleri-Uygulamalar-32-1024x680.jpg 1024w, https:\/\/matger.com\/tr\/wp-content\/uploads\/Bursa-Baski-Cozumleri-Uygulamalar-32-1536x1021.jpg 1536w\" sizes=\"(max-width: 2000px) 100vw, 2000px\" itemprop=\"image\" \/>\t\t\t\t\t\t\t\t\t\t\t\t\t\t\t\t\t\t\t\t\t\t\t\t\t\t\t\t\t<\/figure>\n\t\t\t\t\t\n\t\t\t<\/div>\n\t\t<\/div>\n\n\t\t\t<\/div>\n\t\t\t\t<\/div>\n\t\t\t\t<div class=\"elementor-element elementor-element-a2f5c9c elementor-widget elementor-widget-text-editor\" data-id=\"a2f5c9c\" data-element_type=\"widget\" data-widget_type=\"text-editor.default\">\n\t\t\t\t<div class=\"elementor-widget-container\">\n\t\t\t<style>\/*! elementor - v3.7.0 - 08-08-2022 *\/\n.elementor-widget-text-editor.elementor-drop-cap-view-stacked .elementor-drop-cap{background-color:#818a91;color:#fff}.elementor-widget-text-editor.elementor-drop-cap-view-framed .elementor-drop-cap{color:#818a91;border:3px solid;background-color:transparent}.elementor-widget-text-editor:not(.elementor-drop-cap-view-default) .elementor-drop-cap{margin-top:8px}.elementor-widget-text-editor:not(.elementor-drop-cap-view-default) .elementor-drop-cap-letter{width:1em;height:1em}.elementor-widget-text-editor .elementor-drop-cap{float:left;text-align:center;line-height:1;font-size:50px}.elementor-widget-text-editor .elementor-drop-cap-letter{display:inline-block}<\/style>\t\t\t\t<p data-start=\"306\" data-end=\"698\">Poster ve afi\u015fler, geni\u015f kitlelere ula\u015fmak i\u00e7in kullan\u0131lan en etkili tan\u0131t\u0131m ara\u00e7lar\u0131ndan biridir. Kampanya, duyuru, etkinlik veya marka bilinirli\u011fi gibi bir\u00e7ok ama\u00e7la haz\u0131rlanan bu bas\u0131l\u0131 materyaller; dikkat \u00e7ekici tasar\u0131mlar\u0131 ve b\u00fcy\u00fck ebatlar\u0131 sayesinde do\u011frudan mesaj verir. MATGER Matbaa olarak, y\u00fcksek bask\u0131 kalitesiyle uzun \u00f6m\u00fcrl\u00fc, canl\u0131 ve etkili poster\/afi\u015f bask\u0131 hizmeti sunmaktay\u0131z.<\/p><p data-start=\"700\" data-end=\"913\">Geni\u015f format ofset bask\u0131 \u00e7\u00f6z\u00fcmlerimizle hem i\u00e7 mek\u00e2n hem d\u0131\u015f mek\u00e2n kullan\u0131m\u0131na uygun \u00fcretimler ger\u00e7ekle\u015ftiriyoruz. Kurumsal firmalardan etkinlik organizat\u00f6rlerine kadar t\u00fcm sekt\u00f6rler i\u00e7in ideal \u00e7\u00f6z\u00fcmler sunuyoruz.<\/p><p data-start=\"915\" data-end=\"937\"><strong data-start=\"915\" data-end=\"937\">Teknik \u00d6zellikler:<\/strong><\/p><ul><li data-start=\"941\" data-end=\"981\">A3, A2, A1, A0 ve \u00f6zel \u00f6l\u00e7\u00fclerde bask\u0131<\/li><li data-start=\"984\" data-end=\"1031\">115 gr, 135 gr, 170 gr ku\u015fe ka\u011f\u0131t se\u00e7enekleri<\/li><li data-start=\"1034\" data-end=\"1067\">Tek y\u00f6nl\u00fc veya \u00e7ift y\u00f6nl\u00fc bask\u0131<\/li><li data-start=\"1070\" data-end=\"1112\">Mat veya parlak selefon kaplama se\u00e7ene\u011fi<\/li><li data-start=\"1115\" data-end=\"1163\">Y\u0131rt\u0131lmaya dayan\u0131kl\u0131 \u00f6zel ka\u011f\u0131t alternatifleri<\/li><li data-start=\"1166\" data-end=\"1206\">Renkli y\u00fcksek \u00e7\u00f6z\u00fcn\u00fcrl\u00fckl\u00fc ofset bask\u0131<\/li><li data-start=\"1209\" data-end=\"1268\">\u0130\u00e7 mek\u00e2n ve k\u0131sa s\u00fcreli d\u0131\u015f mek\u00e2n kullan\u0131mlar\u0131na uygunluk<\/li><li data-start=\"1271\" data-end=\"1316\">Talebe g\u00f6re katlanabilir veya rulo teslimat<\/li><li data-start=\"1319\" data-end=\"1347\">\u0130ste\u011fe ba\u011fl\u0131 tasar\u0131m deste\u011fi<\/li><\/ul><p data-start=\"1349\" data-end=\"1556\">Geni\u015f kitlelere mesaj\u0131n\u0131z\u0131 ula\u015ft\u0131rmak ve g\u00f6rsel g\u00fcc\u00fcn\u00fcz\u00fc yans\u0131tmak i\u00e7in poster ve afi\u015f bask\u0131lar\u0131n\u0131z\u0131 MATGER g\u00fcvencesiyle haz\u0131rlatabilirsiniz. Dikkat \u00e7eken, net ve kaliteli tasar\u0131mlar i\u00e7in do\u011fru adrestesiniz.<\/p>\t\t\t\t\t\t<\/div>\n\t\t\t\t<\/div>\n\t\t\t\t\t<\/div>\n\t\t<\/div>\n\t\t\t\t\t\t\t<\/div>\n\t\t<\/section>\n\t\t\t\t\t<\/div>\n\t\t<\/div>\n\t\t\t\t\t\t\t<\/div>\n\t\t<\/section>\n\t\t\t\t\t\t\t<\/div>\n\t\t","protected":false},"excerpt":{"rendered":"<p>Poster \/ Afi\u015f Firman\u0131za \u00f6zel bask\u0131 i\u015fleriniz i\u00e7in her zaman yan\u0131n\u0131zday\u0131z. \u00dcR\u00dcNLER\u0130M\u0130Z Katalog \/ Dergi Bask\u0131 Bro\u015f\u00fcr \/ El \u0130lan\u0131 \/ \u0130nsert Bask\u0131 Kurumsal \u00dcr\u00fcnler \u00dcr\u00fcn Kutu Bask\u0131lar\u0131 Resmi Evrak Bas\u0131m\u0131 Makbuz Bask\u0131lar\u0131 Poster \/ Afi\u015f Bask\u0131 Etiket Bask\u0131lar\u0131 Poster \/ Afi\u015f Poster ve afi\u015fler, geni\u015f kitlelere ula\u015fmak i\u00e7in kullan\u0131lan en etkili tan\u0131t\u0131m ara\u00e7lar\u0131ndan biridir. [&hellip;]<\/p>\n","protected":false},"author":1,"featured_media":0,"parent":0,"menu_order":0,"comment_status":"closed","ping_status":"closed","template":"","meta":{"footnotes":""},"class_list":["post-5036","page","type-page","status-publish","hentry"],"_links":{"self":[{"href":"https:\/\/matger.com\/tr\/wp-json\/wp\/v2\/pages\/5036","targetHints":{"allow":["GET"]}}],"collection":[{"href":"https:\/\/matger.com\/tr\/wp-json\/wp\/v2\/pages"}],"about":[{"href":"https:\/\/matger.com\/tr\/wp-json\/wp\/v2\/types\/page"}],"author":[{"embeddable":true,"href":"https:\/\/matger.com\/tr\/wp-json\/wp\/v2\/users\/1"}],"replies":[{"embeddable":true,"href":"https:\/\/matger.com\/tr\/wp-json\/wp\/v2\/comments?post=5036"}],"version-history":[{"count":7,"href":"https:\/\/matger.com\/tr\/wp-json\/wp\/v2\/pages\/5036\/revisions"}],"predecessor-version":[{"id":5223,"href":"https:\/\/matger.com\/tr\/wp-json\/wp\/v2\/pages\/5036\/revisions\/5223"}],"wp:attachment":[{"href":"https:\/\/matger.com\/tr\/wp-json\/wp\/v2\/media?parent=5036"}],"curies":[{"name":"wp","href":"https:\/\/api.w.org\/{rel}","templated":true}]}}