{"id":5076,"date":"2025-07-14T08:11:38","date_gmt":"2025-07-14T05:11:38","guid":{"rendered":"https:\/\/matger.com\/tr\/?page_id=5076"},"modified":"2025-07-15T00:25:50","modified_gmt":"2025-07-14T21:25:50","slug":"politikalarimiz","status":"publish","type":"page","link":"https:\/\/matger.com\/tr\/politikalarimiz\/","title":{"rendered":"Kalite Politikalar\u0131m\u0131z"},"content":{"rendered":"\t\t<div data-elementor-type=\"wp-page\" data-elementor-id=\"5076\" class=\"elementor elementor-5076\">\n\t\t\t\t\t\t\t\t\t<section class=\"elementor-section elementor-top-section elementor-element elementor-element-3e4879f elementor-section-boxed elementor-section-height-default elementor-section-height-default\" data-id=\"3e4879f\" data-element_type=\"section\" data-settings=\"{&quot;background_background&quot;:&quot;classic&quot;}\">\n\t\t\t\t\t\t\t<div class=\"elementor-background-overlay\"><\/div>\n\t\t\t\t\t\t\t<div class=\"elementor-container elementor-column-gap-default\">\n\t\t\t\t\t<div class=\"elementor-column elementor-col-100 elementor-top-column elementor-element elementor-element-8d2a560\" data-id=\"8d2a560\" data-element_type=\"column\">\n\t\t\t<div class=\"elementor-widget-wrap elementor-element-populated\">\n\t\t\t\t\t\t\t\t<section class=\"elementor-section elementor-inner-section elementor-element elementor-element-7013c2e elementor-section-boxed elementor-section-height-default elementor-section-height-default\" data-id=\"7013c2e\" data-element_type=\"section\">\n\t\t\t\t\t\t<div class=\"elementor-container elementor-column-gap-default\">\n\t\t\t\t\t<div class=\"elementor-column elementor-col-50 elementor-inner-column elementor-element elementor-element-87ec41c\" data-id=\"87ec41c\" data-element_type=\"column\">\n\t\t\t<div class=\"elementor-widget-wrap elementor-element-populated\">\n\t\t\t\t\t\t\t\t<div class=\"elementor-element elementor-element-92fc94c elementor-widget elementor-widget-hub_fancy_heading\" data-id=\"92fc94c\" data-element_type=\"widget\" data-widget_type=\"hub_fancy_heading.default\">\n\t\t\t\t<div class=\"elementor-widget-container\">\n\t\t\t\n\t\t<div id=\"ld-fancy-heading-6a060077bf6ce\" class=\"ld-fancy-heading pos-rel\">\n\t\t\t<h1 class=\"ld-fh-element d-inline-block pos-rel elementor-heading-title lqd-highlight-classic lqd-highlight-grow-left h1\"  > Kalite Politikalar\u0131m\u0131z<\/h1>\t\t<\/div>\n\n\t\t\t\t<\/div>\n\t\t\t\t<\/div>\n\t\t\t\t\t<\/div>\n\t\t<\/div>\n\t\t\t\t<div class=\"elementor-column elementor-col-50 elementor-inner-column elementor-element elementor-element-ea72417\" data-id=\"ea72417\" data-element_type=\"column\">\n\t\t\t<div class=\"elementor-widget-wrap\">\n\t\t\t\t\t\t\t\t\t<\/div>\n\t\t<\/div>\n\t\t\t\t\t\t\t<\/div>\n\t\t<\/section>\n\t\t\t\t\t<\/div>\n\t\t<\/div>\n\t\t\t\t\t\t\t<\/div>\n\t\t<\/section>\n\t\t\t\t<section class=\"elementor-section elementor-top-section elementor-element elementor-element-bf19241 elementor-section-boxed elementor-section-height-default elementor-section-height-default\" data-id=\"bf19241\" data-element_type=\"section\">\n\t\t\t\t\t\t<div class=\"elementor-container elementor-column-gap-default\">\n\t\t\t\t\t<div class=\"lqd-css-sticky-column elementor-column elementor-col-50 elementor-top-column elementor-element elementor-element-a02b78d elementor-hidden-tablet elementor-hidden-mobile\" style=\"--lqd-sticky-offset:30px\" data-id=\"a02b78d\" data-element_type=\"column\" data-settings=\"{&quot;background_background&quot;:&quot;classic&quot;}\">\n\t\t\t<div class=\"elementor-widget-wrap elementor-element-populated\">\n\t\t\t\t\t\t\t\t<div class=\"elementor-element elementor-element-df93dcf elementor-widget elementor-widget-hub_fancy_heading\" data-id=\"df93dcf\" data-element_type=\"widget\" data-widget_type=\"hub_fancy_heading.default\">\n\t\t\t\t<div class=\"elementor-widget-container\">\n\t\t\t\n\t\t<div id=\"ld-fancy-heading-6a060077c2028\" class=\"ld-fancy-heading pos-rel\">\n\t\t\t<h6 class=\"ld-fh-element d-inline-block pos-rel elementor-heading-title lqd-highlight-classic lqd-highlight-grow-left h6\"  > Kurumsal<\/h6>\t\t<\/div>\n\n\t\t\t\t<\/div>\n\t\t\t\t<\/div>\n\t\t\t\t<div class=\"elementor-element elementor-element-13a9e61 elementor-widget elementor-widget-ld_custom_menu\" data-id=\"13a9e61\" data-element_type=\"widget\" data-widget_type=\"ld_custom_menu.default\">\n\t\t\t\t<div class=\"elementor-widget-container\">\n\t\t\t\n\t\t\t<div  \n\t\t\t\tclass=\"lqd-fancy-menu lqd-custom-menu pos-rel menu-items-has-fill left lqd-menu-td-none\"\n\t\t\t\t\t\t\t>\n\t\t\t\n\t\t\t\t\t\t\t<ul class=\"reset-ul\" id=\"13a9e61\"  data-localscroll=\"true\" data-localscroll-options=\"{&quot;itemsSelector&quot;:&quot;&gt; li &gt; a&quot;,&quot;trackWindowScroll&quot;:true,&quot;includeParentAsOffset&quot;:false,&quot;offsetElements&quot;:&quot;[data-sticky-header] .lqd-head-sec-wrap:not(.lqd-hide-onstuck), #wpadminbar, body.elementor-page .main-header[data-sticky-header] &gt; .elementor &gt; .elementor-section-wrap &gt; .elementor-section:not(.lqd-hide-onstuck):not(.lqd-stickybar-wrap), body.elementor-page .main-header[data-sticky-header] &gt; .elementor &gt; .elementor-section:not(.lqd-hide-onstuck):not(.lqd-stickybar-wrap)&quot;}\">\n\t\t\t\t\n\t\t\t\t\t\t<li>\n\t\t\t\t\t\t\t<a  href=\"\/tr\/hakkimizda\" target=\"_self\" > \n\n\t\t\t\t\t\t\t\t\t\t\t\t\t\t\t\t\t<span class=\"link-icon d-inline-flex hide-if-empty left-icon icon-next-to-label\"><i aria-hidden=\"true\" class=\"fas fa-genderless\"><\/i><\/span>\t\n\t\t\t\t\t\t\t\t\n\t\t\t\t\t\t\t\tHakk\u0131m\u0131zda  \n\t\t\t\t\t\t\t\t\t\t\t\t\t\t\t<\/a>\n\t\t\t\t\t\t\t\t\t\t\t\t\t<\/li>\n\n\t\t\t\t\t\t\n\t\t\t\t\t\t<li>\n\t\t\t\t\t\t\t<a  href=\"\/tr\/belgelerimiz\" target=\"_self\" > \n\n\t\t\t\t\t\t\t\t\t\t\t\t\t\t\t\t\t<span class=\"link-icon d-inline-flex hide-if-empty left-icon icon-next-to-label\"><i aria-hidden=\"true\" class=\"fas fa-genderless\"><\/i><\/span>\t\n\t\t\t\t\t\t\t\t\n\t\t\t\t\t\t\t\tKalite Belgelerimiz  \n\t\t\t\t\t\t\t\t\t\t\t\t\t\t\t<\/a>\n\t\t\t\t\t\t\t\t\t\t\t\t\t<\/li>\n\n\t\t\t\t\t\t\n\t\t\t\t\t\t<li>\n\t\t\t\t\t\t\t<a  href=\"\/tr\/politikalarimiz\" target=\"_self\" > \n\n\t\t\t\t\t\t\t\t\t\t\t\t\t\t\t\t\t<span class=\"link-icon d-inline-flex hide-if-empty left-icon icon-next-to-label\"><i aria-hidden=\"true\" class=\"fas fa-genderless\"><\/i><\/span>\t\n\t\t\t\t\t\t\t\t\n\t\t\t\t\t\t\t\tKalite Politikalar\u0131m\u0131z  \n\t\t\t\t\t\t\t\t\t\t\t\t\t\t\t<\/a>\n\t\t\t\t\t\t\t\t\t\t\t\t\t<\/li>\n\n\t\t\t\t\t\t\n\t\t\t\t\t\t<li>\n\t\t\t\t\t\t\t<a  href=\"\/tr\/ik\" target=\"_self\" > \n\n\t\t\t\t\t\t\t\t\t\t\t\t\t\t\t\t\t<span class=\"link-icon d-inline-flex hide-if-empty left-icon icon-next-to-label\"><i aria-hidden=\"true\" class=\"fas fa-genderless\"><\/i><\/span>\t\n\t\t\t\t\t\t\t\t\n\t\t\t\t\t\t\t\t\u0130nsan Kaynaklar\u0131  \n\t\t\t\t\t\t\t\t\t\t\t\t\t\t\t<\/a>\n\t\t\t\t\t\t\t\t\t\t\t\t\t<\/li>\n\n\t\t\t\t\t\t\n\t\t\t\t\t\t<li>\n\t\t\t\t\t\t\t<a  href=\"\/tr\/kvkk\" target=\"_self\" > \n\n\t\t\t\t\t\t\t\t\t\t\t\t\t\t\t\t\t<span class=\"link-icon d-inline-flex hide-if-empty left-icon icon-next-to-label\"><i aria-hidden=\"true\" class=\"fas fa-genderless\"><\/i><\/span>\t\n\t\t\t\t\t\t\t\t\n\t\t\t\t\t\t\t\tKVKK Ayd\u0131nlatma Metni  \n\t\t\t\t\t\t\t\t\t\t\t\t\t\t\t<\/a>\n\t\t\t\t\t\t\t\t\t\t\t\t\t<\/li>\n\n\t\t\t\t\t\t\t\t\t\t<\/ul>\n\t\t\t\t\t\t\t\t\t<\/div>\n\t\t\t\t<\/div>\n\t\t\t\t<\/div>\n\t\t\t\t\t<\/div>\n\t\t<\/div>\n\t\t\t\t<div class=\"elementor-column elementor-col-50 elementor-top-column elementor-element elementor-element-15be3ae\" data-id=\"15be3ae\" data-element_type=\"column\">\n\t\t\t<div class=\"elementor-widget-wrap elementor-element-populated\">\n\t\t\t\t\t\t\t\t<section class=\"elementor-section elementor-inner-section elementor-element elementor-element-4483586 elementor-section-boxed elementor-section-height-default elementor-section-height-default\" data-id=\"4483586\" data-element_type=\"section\" id=\"hakkimizda\">\n\t\t\t\t\t\t<div class=\"elementor-container elementor-column-gap-default\">\n\t\t\t\t\t<div class=\"elementor-column elementor-col-50 elementor-inner-column elementor-element elementor-element-1415287\" data-id=\"1415287\" data-element_type=\"column\">\n\t\t\t<div class=\"elementor-widget-wrap elementor-element-populated\">\n\t\t\t\t\t\t\t\t<div class=\"elementor-element elementor-element-1882eef elementor-widget elementor-widget-hub_fancy_heading\" data-id=\"1882eef\" data-element_type=\"widget\" data-widget_type=\"hub_fancy_heading.default\">\n\t\t\t\t<div class=\"elementor-widget-container\">\n\t\t\t\n\t\t<div id=\"ld-fancy-heading-6a060077c88b3\" class=\"ld-fancy-heading pos-rel\">\n\t\t\t<h4 class=\"ld-fh-element d-inline-block pos-rel elementor-heading-title lqd-highlight-classic lqd-highlight-grow-left h4\"  > Kalite Politikalar\u0131m\u0131z<\/h4>\t\t<\/div>\n\n\t\t\t\t<\/div>\n\t\t\t\t<\/div>\n\t\t\t\t\t<\/div>\n\t\t<\/div>\n\t\t\t\t<div class=\"elementor-column elementor-col-50 elementor-inner-column elementor-element elementor-element-1ee6033\" data-id=\"1ee6033\" data-element_type=\"column\">\n\t\t\t<div class=\"elementor-widget-wrap elementor-element-populated\">\n\t\t\t\t\t\t\t\t<div class=\"elementor-element elementor-element-1cb228e elementor-widget-divider--view-line elementor-widget elementor-widget-divider\" data-id=\"1cb228e\" data-element_type=\"widget\" data-widget_type=\"divider.default\">\n\t\t\t\t<div class=\"elementor-widget-container\">\n\t\t\t<style>\/*! elementor - v3.7.0 - 08-08-2022 *\/\n.elementor-widget-divider{--divider-border-style:none;--divider-border-width:1px;--divider-color:#2c2c2c;--divider-icon-size:20px;--divider-element-spacing:10px;--divider-pattern-height:24px;--divider-pattern-size:20px;--divider-pattern-url:none;--divider-pattern-repeat:repeat-x}.elementor-widget-divider .elementor-divider{display:-webkit-box;display:-ms-flexbox;display:flex}.elementor-widget-divider .elementor-divider__text{font-size:15px;line-height:1;max-width:95%}.elementor-widget-divider .elementor-divider__element{margin:0 var(--divider-element-spacing);-ms-flex-negative:0;flex-shrink:0}.elementor-widget-divider .elementor-icon{font-size:var(--divider-icon-size)}.elementor-widget-divider .elementor-divider-separator{display:-webkit-box;display:-ms-flexbox;display:flex;margin:0;direction:ltr}.elementor-widget-divider--view-line_icon .elementor-divider-separator,.elementor-widget-divider--view-line_text .elementor-divider-separator{-webkit-box-align:center;-ms-flex-align:center;align-items:center}.elementor-widget-divider--view-line_icon .elementor-divider-separator:after,.elementor-widget-divider--view-line_icon .elementor-divider-separator:before,.elementor-widget-divider--view-line_text .elementor-divider-separator:after,.elementor-widget-divider--view-line_text .elementor-divider-separator:before{display:block;content:\"\";border-bottom:0;-webkit-box-flex:1;-ms-flex-positive:1;flex-grow:1;border-top:var(--divider-border-width) var(--divider-border-style) var(--divider-color)}.elementor-widget-divider--element-align-left .elementor-divider .elementor-divider-separator>.elementor-divider__svg:first-of-type{-webkit-box-flex:0;-ms-flex-positive:0;flex-grow:0;-ms-flex-negative:100;flex-shrink:100}.elementor-widget-divider--element-align-left .elementor-divider-separator:before{content:none}.elementor-widget-divider--element-align-left .elementor-divider__element{margin-left:0}.elementor-widget-divider--element-align-right .elementor-divider .elementor-divider-separator>.elementor-divider__svg:last-of-type{-webkit-box-flex:0;-ms-flex-positive:0;flex-grow:0;-ms-flex-negative:100;flex-shrink:100}.elementor-widget-divider--element-align-right .elementor-divider-separator:after{content:none}.elementor-widget-divider--element-align-right .elementor-divider__element{margin-right:0}.elementor-widget-divider:not(.elementor-widget-divider--view-line_text):not(.elementor-widget-divider--view-line_icon) .elementor-divider-separator{border-top:var(--divider-border-width) var(--divider-border-style) var(--divider-color)}.elementor-widget-divider--separator-type-pattern{--divider-border-style:none}.elementor-widget-divider--separator-type-pattern.elementor-widget-divider--view-line .elementor-divider-separator,.elementor-widget-divider--separator-type-pattern:not(.elementor-widget-divider--view-line) .elementor-divider-separator:after,.elementor-widget-divider--separator-type-pattern:not(.elementor-widget-divider--view-line) .elementor-divider-separator:before,.elementor-widget-divider--separator-type-pattern:not([class*=elementor-widget-divider--view]) .elementor-divider-separator{width:100%;min-height:var(--divider-pattern-height);-webkit-mask-size:var(--divider-pattern-size) 100%;mask-size:var(--divider-pattern-size) 100%;-webkit-mask-repeat:var(--divider-pattern-repeat);mask-repeat:var(--divider-pattern-repeat);background-color:var(--divider-color);-webkit-mask-image:var(--divider-pattern-url);mask-image:var(--divider-pattern-url)}.elementor-widget-divider--no-spacing{--divider-pattern-size:auto}.elementor-widget-divider--bg-round{--divider-pattern-repeat:round}.rtl .elementor-widget-divider .elementor-divider__text{direction:rtl}.e-container>.elementor-widget-divider{width:var(--container-widget-width,100%);-webkit-box-flex:1;-ms-flex-positive:1;flex-grow:1}<\/style>\t\t<div class=\"elementor-divider\">\n\t\t\t<span class=\"elementor-divider-separator\">\n\t\t\t\t\t\t<\/span>\n\t\t<\/div>\n\t\t\t\t<\/div>\n\t\t\t\t<\/div>\n\t\t\t\t\t<\/div>\n\t\t<\/div>\n\t\t\t\t\t\t\t<\/div>\n\t\t<\/section>\n\t\t\t\t<section class=\"elementor-section elementor-inner-section elementor-element elementor-element-eaee483 elementor-section-boxed elementor-section-height-default elementor-section-height-default\" data-id=\"eaee483\" data-element_type=\"section\">\n\t\t\t\t\t\t<div class=\"elementor-container elementor-column-gap-default\">\n\t\t\t\t\t<div class=\"elementor-column elementor-col-100 elementor-inner-column elementor-element elementor-element-60c06e0\" data-id=\"60c06e0\" data-element_type=\"column\">\n\t\t\t<div class=\"elementor-widget-wrap elementor-element-populated\">\n\t\t\t\t\t\t\t\t<div class=\"elementor-element elementor-element-a2f5c9c elementor-widget elementor-widget-text-editor\" data-id=\"a2f5c9c\" data-element_type=\"widget\" data-widget_type=\"text-editor.default\">\n\t\t\t\t<div class=\"elementor-widget-container\">\n\t\t\t<style>\/*! elementor - v3.7.0 - 08-08-2022 *\/\n.elementor-widget-text-editor.elementor-drop-cap-view-stacked .elementor-drop-cap{background-color:#818a91;color:#fff}.elementor-widget-text-editor.elementor-drop-cap-view-framed .elementor-drop-cap{color:#818a91;border:3px solid;background-color:transparent}.elementor-widget-text-editor:not(.elementor-drop-cap-view-default) .elementor-drop-cap{margin-top:8px}.elementor-widget-text-editor:not(.elementor-drop-cap-view-default) .elementor-drop-cap-letter{width:1em;height:1em}.elementor-widget-text-editor .elementor-drop-cap{float:left;text-align:center;line-height:1;font-size:50px}.elementor-widget-text-editor .elementor-drop-cap-letter{display:inline-block}<\/style>\t\t\t\t<div class=\"accordion-title\"><h5>KAL\u0130TE Y\u00d6NET\u0130M S\u0130STEM\u0130 POL\u0130T\u0130KAMIZ<\/h5><\/div><div class=\"toggle-content\"><p>MATGER ; \u00e7\u0131kartma, takvim, ticari katalog, tan\u0131t\u0131m bro\u015f\u00fcr\u00fc, poster, sat\u0131\u015f b\u00fclteni, kartpostal, davetiye ve tebrik kartlar\u0131, y\u0131ll\u0131k, rehber, resim, \u00e7izim ve boyama kitaplar\u0131, \u00e7izgi roman, bas\u0131m hizmetleri ve g\u0131da ambalaj malzemelerinin \u00fcretimi faaliyetleri sekt\u00f6r\u00fcnde \u00f6nc\u00fc oldu\u011fumuz faaliyet alan\u0131m\u0131zda; yasal \u015fartlar\u0131n kar\u015f\u0131lanmas\u0131, m\u00fc\u015fteri ve tedarik\u00e7ilerimizim ihtiya\u00e7 ve beklentilerine cevap verecek \u015fekilde hizmet sunumunun ger\u00e7ekle\u015fmesi, kaliteli, h\u0131zl\u0131 ve g\u00fcvenli bir bi\u00e7imde sunulan hizmetlere eri\u015fimin sa\u011flanmas\u0131n\u0131 ama\u00e7 edinmi\u015ftir. MATGER m\u00fc\u015fteri memnuniyetini sa\u011flamak, \u00e7al\u0131\u015fan sa\u011fl\u0131\u011f\u0131n\u0131 korumak ve \u00e7evreyi korumak amac\u0131yla uluslararas\u0131 standartlara uygun bir Kalite Y\u00f6netim Sistemi\u2019nin kurulmas\u0131na karar vermi\u015ftir.<\/p><p>Kalite Y\u00f6netim Sistemimiz kurumsal hedeflerimizle ayn\u0131 do\u011frultuda yer almaktad\u0131r. Kalite s\u00fcre\u00e7lerinin sa\u011fl\u0131kl\u0131 \u015fekilde i\u015fletilmesi i\u00e7in gerekli roller tan\u0131mlanm\u0131\u015f, sorumluluklar belirlenmi\u015f ve sorumlular atanm\u0131\u015ft\u0131r. Bu sorumluluklar ba\u015fta y\u00f6netim olmak \u00fczere t\u00fcm birimleri, m\u00fc\u015fterilerimizi, alt tedarik\u00e7i ve teknik destek sa\u011flamakta olan tedarik\u00e7ileri de kapsamaktad\u0131r. \u015eirketimizde Kalite sisteminin kurulmas\u0131 s\u00fcreciyle birlikte kapsam dahilinde yer alan t\u00fcm faaliyetlerde \u00e7al\u0131\u015fanlar\u0131nda kat\u0131l\u0131m\u0131n\u0131 sa\u011flayarak; kalite, \u00e7evre ve i\u015f sa\u011fl\u0131\u011f\u0131 g\u00fcvenli\u011fi risklerinin belirlenmesi, analiz edilmesi, planl\u0131 aksiyonlarla kabul edilebilir seviyeye indirilmesi ama\u00e7lanmaktad\u0131r.<\/p><p>Bu ba\u011flamda \u015firketimiz Kalite Y\u00f6netim Sisteminin gerekliliklerini yerine getirmek, m\u00fc\u015fteri istek ve beklentilerini anlamak ve m\u00fc\u015fteri memnuniyetini sa\u011flamak, yasal \u015fartlar\u0131 kar\u015f\u0131lamak, \u00e7evreye zarar verebilecek at\u0131klar\u0131n bertaraf edilmesini sa\u011flamak, prosesler sonucu olu\u015fan at\u0131klar\u0131 kayna\u011f\u0131nda ay\u0131rmak i\u00e7in Kalite Y\u00f6netim Sistemi\u2019nin yeni uygulanma alanlar\u0131 ve geli\u015fen teknoloji ile her y\u0131l d\u00fczenli aral\u0131klarla s\u00fcrekli iyile\u015ftirilmesini taahh\u00fct eder.<\/p><\/div>\t\t\t\t\t\t<\/div>\n\t\t\t\t<\/div>\n\t\t\t\t<div class=\"elementor-element elementor-element-946ccad elementor-widget elementor-widget-text-editor\" data-id=\"946ccad\" data-element_type=\"widget\" data-widget_type=\"text-editor.default\">\n\t\t\t\t<div class=\"elementor-widget-container\">\n\t\t\t\t\t\t\t<div class=\"accordion-title\"><div class=\"accordion-title\"><h5>\u00c7EVRE Y\u00d6NET\u0130M S\u0130STEM\u0130 POL\u0130T\u0130KAMIZ<\/h5><\/div><div class=\"toggle-content\"><p>\u00c7evremizi korumak ve s\u00fcreklili\u011fini sa\u011flamak i\u00e7in t\u00fcm \u00e7evre yasa ve y\u00f6netmenliklerine uyarak, \u00e7evre etkilerini kontrol alt\u0131nda tutmak ve bu etkileri azaltarak \u00e7evresel performans\u0131m\u0131z\u0131 s\u00fcrekli iyile\u015ftirmektir. Amac\u0131m\u0131z bu bilinci t\u00fcm \u00fcretim faaliyetlerinde korumak, geli\u015ftirmek ve gelecek ku\u015faklara ya\u015fanabilir temiz bir \u00e7evre b\u0131rakmakt\u0131r.<\/p><p><strong>MATGER olarak politikam\u0131z\u0131 hayata ge\u00e7irmek i\u00e7in yapaca\u011f\u0131m\u0131z faaliyetler;<\/strong><\/p><p>* Do\u011fal ve enerji kaynaklar\u0131m\u0131z\u0131 en do\u011fru \u015fekilde korumak ve verimli kullanmak,<\/p><p>\u00a0* \u00c7evre boyutlar\u0131 kapsam\u0131nda t\u00fcm mevzuat, yasal y\u00f6netmelikler ile m\u00fc\u015fteri ihtiya\u00e7lar\u0131n\u0131 kar\u015f\u0131larken s\u00fcrekli geli\u015fim ve iyile\u015ftirme sa\u011flamak,<\/p><p>\u00a0* \u00c7evre ama\u00e7 ve hedeflerini belirlemek, \u00e7evre y\u00f6netim sistemini olu\u015fturmak ve \u00e7evre performans\u0131n\u0131 s\u00fcrekli iyile\u015ftirmek,<\/p><p>\u00a0* Yeni \u00fcr\u00fcn, proje ve operasyonlarda \u00e7evre fakt\u00f6r\u00fcn\u00fc dikkate almak,<\/p><p>\u00a0* Fabrikam\u0131zda tehlikeli ve tehlikeli olmayan at\u0131klar\u0131n olu\u015fumunu en aza indirerek, at\u0131klar\u0131 g\u00fcvenli y\u00f6ntemlerle bertaraf etmek, geri d\u00f6n\u00fc\u015f\u00fcm ve yeniden kullan\u0131m olanaklar\u0131n\u0131 sa\u011flamak,<\/p><p>\u00a0* \u00c7evresel performans\u0131m\u0131z\u0131n s\u00fcrekli iyile\u015ftirilmesi ad\u0131na \u00e7al\u0131\u015fanlar\u0131m\u0131z\u0131n \u00e7evre koruma konusunda aktif rol almalar\u0131 i\u00e7in, gerekli e\u011fitimleri vererek bilin\u00e7lenmelerini sa\u011flamakt\u0131r.<\/p><\/div><\/div>\t\t\t\t\t\t<\/div>\n\t\t\t\t<\/div>\n\t\t\t\t<div class=\"elementor-element elementor-element-8660b98 elementor-widget elementor-widget-text-editor\" data-id=\"8660b98\" data-element_type=\"widget\" data-widget_type=\"text-editor.default\">\n\t\t\t\t<div class=\"elementor-widget-container\">\n\t\t\t\t\t\t\t<div class=\"accordion-title\"><p>\u00a0<\/p><h5>\u0130\u015e SA\u011eLI\u011eI G\u00dcVENL\u0130\u011e\u0130 POL\u0130T\u0130KASI<\/h5><\/div><div class=\"toggle-content\"><p>MATGER\u2019nin \u00e7al\u0131\u015ft\u0131\u011f\u0131 her alanda \u0130\u015f Sa\u011fl\u0131\u011f\u0131 ve G\u00fcvenli\u011fi as\u0131l \u00f6ncelik olmaktad\u0131r. Sa\u011fl\u0131kl\u0131 ve g\u00fcvenli bir \u00e7al\u0131\u015fma alan\u0131 temin etmek \u00fczere, herkes kendi yetki alanlar\u0131 i\u00e7erisinde gerekenleri yapmakla sorumludur. En \u00f6nemli amac\u0131m\u0131z, t\u00fcm \u00e7al\u0131\u015fanlar\u0131m\u0131z\u0131 ve i\u00e7inde bulundu\u011fumuz \u00e7evreyi i\u015f kolumuzun olas\u0131 risklerine kar\u015f\u0131 muhafaza etmektir.<\/p><p><strong>MATGER olarak politikam\u0131z\u0131 hayata ge\u00e7irmek i\u00e7in yapaca\u011f\u0131m\u0131z faaliyetler;<\/strong><\/p><ul><li>Faaliyet g\u00f6sterdi\u011fimiz \u00fclkenin y\u00fcr\u00fcrl\u00fckteki \u0130SG ile ilgili yasal mevzuat ve di\u011fer \u015fartlar\u0131na uygun hareket etmek,<\/li><li>\u0130\u015fyerinde i\u015f kazas\u0131 ve meslek hastal\u0131klar\u0131 riskini azaltacak ve ortadan kald\u0131racak \u015fekilde risk de\u011ferlendirmesi yaparak sa\u011fl\u0131kl\u0131 ve g\u00fcvenli i\u015f ortamlar\u0131 sa\u011flamak,<\/li><li>\u00c7al\u0131\u015fanlar\u0131m\u0131z\u0131 \u0130\u015f Sa\u011fl\u0131\u011f\u0131 ve G\u00fcvenli\u011fi alan\u0131nda e\u011fitmek ve iyi bir \u0130\u015f Sa\u011fl\u0131\u011f\u0131 ve G\u00fcvenli\u011fi bilincine eri\u015fmelerini sa\u011flamak,<\/li><li>\u0130\u015fyerinde hizmet veren alt y\u00fcklenici ve ziyaret\u00e7ilerin koymu\u015f oldu\u011fumuz \u0130\u015f Sa\u011fl\u0131\u011f\u0131 ve G\u00fcvenli\u011fi ile ilgili kurallara uymalar\u0131n\u0131 sa\u011flamakt\u0131r.<\/li><li>\u0130SG ama\u00e7 ve hedeflerini belirlemek, \u0130SG y\u00f6netim sistemini olu\u015fturmak ve \u0130SG performans\u0131n\u0131 s\u00fcrekli iyile\u015ftirmek,<\/li><\/ul><\/div>\t\t\t\t\t\t<\/div>\n\t\t\t\t<\/div>\n\t\t\t\t\t<\/div>\n\t\t<\/div>\n\t\t\t\t\t\t\t<\/div>\n\t\t<\/section>\n\t\t\t\t\t<\/div>\n\t\t<\/div>\n\t\t\t\t\t\t\t<\/div>\n\t\t<\/section>\n\t\t\t\t\t\t\t<\/div>\n\t\t","protected":false},"excerpt":{"rendered":"<p>Kalite Politikalar\u0131m\u0131z Kurumsal Hakk\u0131m\u0131zda Kalite Belgelerimiz Kalite Politikalar\u0131m\u0131z \u0130nsan Kaynaklar\u0131 KVKK Ayd\u0131nlatma Metni Kalite Politikalar\u0131m\u0131z KAL\u0130TE Y\u00d6NET\u0130M S\u0130STEM\u0130 POL\u0130T\u0130KAMIZ MATGER ; \u00e7\u0131kartma, takvim, ticari katalog, tan\u0131t\u0131m bro\u015f\u00fcr\u00fc, poster, sat\u0131\u015f b\u00fclteni, kartpostal, davetiye ve tebrik kartlar\u0131, y\u0131ll\u0131k, rehber, resim, \u00e7izim ve boyama kitaplar\u0131, \u00e7izgi roman, bas\u0131m hizmetleri ve g\u0131da ambalaj malzemelerinin \u00fcretimi faaliyetleri sekt\u00f6r\u00fcnde \u00f6nc\u00fc oldu\u011fumuz [&hellip;]<\/p>\n","protected":false},"author":1,"featured_media":0,"parent":0,"menu_order":0,"comment_status":"closed","ping_status":"closed","template":"","meta":{"footnotes":""},"class_list":["post-5076","page","type-page","status-publish","hentry"],"_links":{"self":[{"href":"https:\/\/matger.com\/tr\/wp-json\/wp\/v2\/pages\/5076","targetHints":{"allow":["GET"]}}],"collection":[{"href":"https:\/\/matger.com\/tr\/wp-json\/wp\/v2\/pages"}],"about":[{"href":"https:\/\/matger.com\/tr\/wp-json\/wp\/v2\/types\/page"}],"author":[{"embeddable":true,"href":"https:\/\/matger.com\/tr\/wp-json\/wp\/v2\/users\/1"}],"replies":[{"embeddable":true,"href":"https:\/\/matger.com\/tr\/wp-json\/wp\/v2\/comments?post=5076"}],"version-history":[{"count":14,"href":"https:\/\/matger.com\/tr\/wp-json\/wp\/v2\/pages\/5076\/revisions"}],"predecessor-version":[{"id":5092,"href":"https:\/\/matger.com\/tr\/wp-json\/wp\/v2\/pages\/5076\/revisions\/5092"}],"wp:attachment":[{"href":"https:\/\/matger.com\/tr\/wp-json\/wp\/v2\/media?parent=5076"}],"curies":[{"name":"wp","href":"https:\/\/api.w.org\/{rel}","templated":true}]}}