{"id":5093,"date":"2025-07-15T00:26:09","date_gmt":"2025-07-14T21:26:09","guid":{"rendered":"https:\/\/matger.com\/tr\/?page_id=5093"},"modified":"2025-07-15T00:28:08","modified_gmt":"2025-07-14T21:28:08","slug":"belgelerimiz","status":"publish","type":"page","link":"https:\/\/matger.com\/tr\/belgelerimiz\/","title":{"rendered":"Kalite Belgelerimiz"},"content":{"rendered":"\t\t<div data-elementor-type=\"wp-page\" data-elementor-id=\"5093\" class=\"elementor elementor-5093\">\n\t\t\t\t\t\t\t\t\t<section class=\"elementor-section elementor-top-section elementor-element elementor-element-3e4879f elementor-section-boxed elementor-section-height-default elementor-section-height-default\" data-id=\"3e4879f\" data-element_type=\"section\" data-settings=\"{&quot;background_background&quot;:&quot;classic&quot;}\">\n\t\t\t\t\t\t\t<div class=\"elementor-background-overlay\"><\/div>\n\t\t\t\t\t\t\t<div class=\"elementor-container elementor-column-gap-default\">\n\t\t\t\t\t<div class=\"elementor-column elementor-col-100 elementor-top-column elementor-element elementor-element-8d2a560\" data-id=\"8d2a560\" data-element_type=\"column\">\n\t\t\t<div class=\"elementor-widget-wrap elementor-element-populated\">\n\t\t\t\t\t\t\t\t<section class=\"elementor-section elementor-inner-section elementor-element elementor-element-7013c2e elementor-section-boxed elementor-section-height-default elementor-section-height-default\" data-id=\"7013c2e\" data-element_type=\"section\">\n\t\t\t\t\t\t<div class=\"elementor-container elementor-column-gap-default\">\n\t\t\t\t\t<div class=\"elementor-column elementor-col-50 elementor-inner-column elementor-element elementor-element-87ec41c\" data-id=\"87ec41c\" data-element_type=\"column\">\n\t\t\t<div class=\"elementor-widget-wrap elementor-element-populated\">\n\t\t\t\t\t\t\t\t<div class=\"elementor-element elementor-element-92fc94c elementor-widget elementor-widget-hub_fancy_heading\" data-id=\"92fc94c\" data-element_type=\"widget\" data-widget_type=\"hub_fancy_heading.default\">\n\t\t\t\t<div class=\"elementor-widget-container\">\n\t\t\t\n\t\t<div id=\"ld-fancy-heading-6a0601ee94b72\" class=\"ld-fancy-heading pos-rel\">\n\t\t\t<h1 class=\"ld-fh-element d-inline-block pos-rel elementor-heading-title lqd-highlight-classic lqd-highlight-grow-left h1\"  > Kalite Belgelerimiz<\/h1>\t\t<\/div>\n\n\t\t\t\t<\/div>\n\t\t\t\t<\/div>\n\t\t\t\t\t<\/div>\n\t\t<\/div>\n\t\t\t\t<div class=\"elementor-column elementor-col-50 elementor-inner-column elementor-element elementor-element-ea72417\" data-id=\"ea72417\" data-element_type=\"column\">\n\t\t\t<div class=\"elementor-widget-wrap\">\n\t\t\t\t\t\t\t\t\t<\/div>\n\t\t<\/div>\n\t\t\t\t\t\t\t<\/div>\n\t\t<\/section>\n\t\t\t\t\t<\/div>\n\t\t<\/div>\n\t\t\t\t\t\t\t<\/div>\n\t\t<\/section>\n\t\t\t\t<section class=\"elementor-section elementor-top-section elementor-element elementor-element-bf19241 elementor-section-boxed elementor-section-height-default elementor-section-height-default\" data-id=\"bf19241\" data-element_type=\"section\">\n\t\t\t\t\t\t<div class=\"elementor-container elementor-column-gap-default\">\n\t\t\t\t\t<div class=\"lqd-css-sticky-column elementor-column elementor-col-50 elementor-top-column elementor-element elementor-element-a02b78d elementor-hidden-tablet elementor-hidden-mobile\" style=\"--lqd-sticky-offset:30px\" data-id=\"a02b78d\" data-element_type=\"column\" data-settings=\"{&quot;background_background&quot;:&quot;classic&quot;}\">\n\t\t\t<div class=\"elementor-widget-wrap elementor-element-populated\">\n\t\t\t\t\t\t\t\t<div class=\"elementor-element elementor-element-df93dcf elementor-widget elementor-widget-hub_fancy_heading\" data-id=\"df93dcf\" data-element_type=\"widget\" data-widget_type=\"hub_fancy_heading.default\">\n\t\t\t\t<div class=\"elementor-widget-container\">\n\t\t\t\n\t\t<div id=\"ld-fancy-heading-6a0601ee9729b\" class=\"ld-fancy-heading pos-rel\">\n\t\t\t<h6 class=\"ld-fh-element d-inline-block pos-rel elementor-heading-title lqd-highlight-classic lqd-highlight-grow-left h6\"  > Kurumsal<\/h6>\t\t<\/div>\n\n\t\t\t\t<\/div>\n\t\t\t\t<\/div>\n\t\t\t\t<div class=\"elementor-element elementor-element-13a9e61 elementor-widget elementor-widget-ld_custom_menu\" data-id=\"13a9e61\" data-element_type=\"widget\" data-widget_type=\"ld_custom_menu.default\">\n\t\t\t\t<div class=\"elementor-widget-container\">\n\t\t\t\n\t\t\t<div  \n\t\t\t\tclass=\"lqd-fancy-menu lqd-custom-menu pos-rel menu-items-has-fill left lqd-menu-td-none\"\n\t\t\t\t\t\t\t>\n\t\t\t\n\t\t\t\t\t\t\t<ul class=\"reset-ul\" id=\"13a9e61\"  data-localscroll=\"true\" data-localscroll-options=\"{&quot;itemsSelector&quot;:&quot;&gt; li &gt; a&quot;,&quot;trackWindowScroll&quot;:true,&quot;includeParentAsOffset&quot;:false,&quot;offsetElements&quot;:&quot;[data-sticky-header] .lqd-head-sec-wrap:not(.lqd-hide-onstuck), #wpadminbar, body.elementor-page .main-header[data-sticky-header] &gt; .elementor &gt; .elementor-section-wrap &gt; .elementor-section:not(.lqd-hide-onstuck):not(.lqd-stickybar-wrap), body.elementor-page .main-header[data-sticky-header] &gt; .elementor &gt; .elementor-section:not(.lqd-hide-onstuck):not(.lqd-stickybar-wrap)&quot;}\">\n\t\t\t\t\n\t\t\t\t\t\t<li>\n\t\t\t\t\t\t\t<a  href=\"\/tr\/hakkimizda\" target=\"_self\" > \n\n\t\t\t\t\t\t\t\t\t\t\t\t\t\t\t\t\t<span class=\"link-icon d-inline-flex hide-if-empty left-icon icon-next-to-label\"><i aria-hidden=\"true\" class=\"fas fa-genderless\"><\/i><\/span>\t\n\t\t\t\t\t\t\t\t\n\t\t\t\t\t\t\t\tHakk\u0131m\u0131zda  \n\t\t\t\t\t\t\t\t\t\t\t\t\t\t\t<\/a>\n\t\t\t\t\t\t\t\t\t\t\t\t\t<\/li>\n\n\t\t\t\t\t\t\n\t\t\t\t\t\t<li>\n\t\t\t\t\t\t\t<a  href=\"\/tr\/belgelerimiz\" target=\"_self\" > \n\n\t\t\t\t\t\t\t\t\t\t\t\t\t\t\t\t\t<span class=\"link-icon d-inline-flex hide-if-empty left-icon icon-next-to-label\"><i aria-hidden=\"true\" class=\"fas fa-genderless\"><\/i><\/span>\t\n\t\t\t\t\t\t\t\t\n\t\t\t\t\t\t\t\tKalite Belgelerimiz  \n\t\t\t\t\t\t\t\t\t\t\t\t\t\t\t<\/a>\n\t\t\t\t\t\t\t\t\t\t\t\t\t<\/li>\n\n\t\t\t\t\t\t\n\t\t\t\t\t\t<li>\n\t\t\t\t\t\t\t<a  href=\"\/tr\/politikalarimiz\" target=\"_self\" > \n\n\t\t\t\t\t\t\t\t\t\t\t\t\t\t\t\t\t<span class=\"link-icon d-inline-flex hide-if-empty left-icon icon-next-to-label\"><i aria-hidden=\"true\" class=\"fas fa-genderless\"><\/i><\/span>\t\n\t\t\t\t\t\t\t\t\n\t\t\t\t\t\t\t\tKalite Politikalar\u0131m\u0131z  \n\t\t\t\t\t\t\t\t\t\t\t\t\t\t\t<\/a>\n\t\t\t\t\t\t\t\t\t\t\t\t\t<\/li>\n\n\t\t\t\t\t\t\n\t\t\t\t\t\t<li>\n\t\t\t\t\t\t\t<a  href=\"\/tr\/ik\" target=\"_self\" > \n\n\t\t\t\t\t\t\t\t\t\t\t\t\t\t\t\t\t<span class=\"link-icon d-inline-flex hide-if-empty left-icon icon-next-to-label\"><i aria-hidden=\"true\" class=\"fas fa-genderless\"><\/i><\/span>\t\n\t\t\t\t\t\t\t\t\n\t\t\t\t\t\t\t\t\u0130nsan Kaynaklar\u0131  \n\t\t\t\t\t\t\t\t\t\t\t\t\t\t\t<\/a>\n\t\t\t\t\t\t\t\t\t\t\t\t\t<\/li>\n\n\t\t\t\t\t\t\n\t\t\t\t\t\t<li>\n\t\t\t\t\t\t\t<a  href=\"\/tr\/kvkk\" target=\"_self\" > \n\n\t\t\t\t\t\t\t\t\t\t\t\t\t\t\t\t\t<span class=\"link-icon d-inline-flex hide-if-empty left-icon icon-next-to-label\"><i aria-hidden=\"true\" class=\"fas fa-genderless\"><\/i><\/span>\t\n\t\t\t\t\t\t\t\t\n\t\t\t\t\t\t\t\tKVKK Ayd\u0131nlatma Metni  \n\t\t\t\t\t\t\t\t\t\t\t\t\t\t\t<\/a>\n\t\t\t\t\t\t\t\t\t\t\t\t\t<\/li>\n\n\t\t\t\t\t\t\t\t\t\t<\/ul>\n\t\t\t\t\t\t\t\t\t<\/div>\n\t\t\t\t<\/div>\n\t\t\t\t<\/div>\n\t\t\t\t\t<\/div>\n\t\t<\/div>\n\t\t\t\t<div class=\"elementor-column elementor-col-50 elementor-top-column elementor-element elementor-element-15be3ae\" data-id=\"15be3ae\" data-element_type=\"column\">\n\t\t\t<div class=\"elementor-widget-wrap elementor-element-populated\">\n\t\t\t\t\t\t\t\t<section class=\"elementor-section elementor-inner-section elementor-element elementor-element-4483586 elementor-section-boxed elementor-section-height-default elementor-section-height-default\" data-id=\"4483586\" data-element_type=\"section\" id=\"hakkimizda\">\n\t\t\t\t\t\t<div class=\"elementor-container elementor-column-gap-default\">\n\t\t\t\t\t<div class=\"elementor-column elementor-col-50 elementor-inner-column elementor-element elementor-element-1415287\" data-id=\"1415287\" data-element_type=\"column\">\n\t\t\t<div class=\"elementor-widget-wrap elementor-element-populated\">\n\t\t\t\t\t\t\t\t<div class=\"elementor-element elementor-element-1882eef elementor-widget elementor-widget-hub_fancy_heading\" data-id=\"1882eef\" data-element_type=\"widget\" data-widget_type=\"hub_fancy_heading.default\">\n\t\t\t\t<div class=\"elementor-widget-container\">\n\t\t\t\n\t\t<div id=\"ld-fancy-heading-6a0601ee9d388\" class=\"ld-fancy-heading pos-rel\">\n\t\t\t<h4 class=\"ld-fh-element d-inline-block pos-rel elementor-heading-title lqd-highlight-classic lqd-highlight-grow-left h4\"  > Kalite Belgelerimiz<\/h4>\t\t<\/div>\n\n\t\t\t\t<\/div>\n\t\t\t\t<\/div>\n\t\t\t\t\t<\/div>\n\t\t<\/div>\n\t\t\t\t<div class=\"elementor-column elementor-col-50 elementor-inner-column elementor-element elementor-element-1ee6033\" data-id=\"1ee6033\" data-element_type=\"column\">\n\t\t\t<div class=\"elementor-widget-wrap elementor-element-populated\">\n\t\t\t\t\t\t\t\t<div class=\"elementor-element elementor-element-1cb228e elementor-widget-divider--view-line elementor-widget elementor-widget-divider\" data-id=\"1cb228e\" data-element_type=\"widget\" data-widget_type=\"divider.default\">\n\t\t\t\t<div class=\"elementor-widget-container\">\n\t\t\t<style>\/*! elementor - v3.7.0 - 08-08-2022 *\/\n.elementor-widget-divider{--divider-border-style:none;--divider-border-width:1px;--divider-color:#2c2c2c;--divider-icon-size:20px;--divider-element-spacing:10px;--divider-pattern-height:24px;--divider-pattern-size:20px;--divider-pattern-url:none;--divider-pattern-repeat:repeat-x}.elementor-widget-divider .elementor-divider{display:-webkit-box;display:-ms-flexbox;display:flex}.elementor-widget-divider .elementor-divider__text{font-size:15px;line-height:1;max-width:95%}.elementor-widget-divider .elementor-divider__element{margin:0 var(--divider-element-spacing);-ms-flex-negative:0;flex-shrink:0}.elementor-widget-divider .elementor-icon{font-size:var(--divider-icon-size)}.elementor-widget-divider .elementor-divider-separator{display:-webkit-box;display:-ms-flexbox;display:flex;margin:0;direction:ltr}.elementor-widget-divider--view-line_icon .elementor-divider-separator,.elementor-widget-divider--view-line_text .elementor-divider-separator{-webkit-box-align:center;-ms-flex-align:center;align-items:center}.elementor-widget-divider--view-line_icon .elementor-divider-separator:after,.elementor-widget-divider--view-line_icon .elementor-divider-separator:before,.elementor-widget-divider--view-line_text .elementor-divider-separator:after,.elementor-widget-divider--view-line_text .elementor-divider-separator:before{display:block;content:\"\";border-bottom:0;-webkit-box-flex:1;-ms-flex-positive:1;flex-grow:1;border-top:var(--divider-border-width) var(--divider-border-style) var(--divider-color)}.elementor-widget-divider--element-align-left .elementor-divider .elementor-divider-separator>.elementor-divider__svg:first-of-type{-webkit-box-flex:0;-ms-flex-positive:0;flex-grow:0;-ms-flex-negative:100;flex-shrink:100}.elementor-widget-divider--element-align-left .elementor-divider-separator:before{content:none}.elementor-widget-divider--element-align-left .elementor-divider__element{margin-left:0}.elementor-widget-divider--element-align-right .elementor-divider .elementor-divider-separator>.elementor-divider__svg:last-of-type{-webkit-box-flex:0;-ms-flex-positive:0;flex-grow:0;-ms-flex-negative:100;flex-shrink:100}.elementor-widget-divider--element-align-right .elementor-divider-separator:after{content:none}.elementor-widget-divider--element-align-right .elementor-divider__element{margin-right:0}.elementor-widget-divider:not(.elementor-widget-divider--view-line_text):not(.elementor-widget-divider--view-line_icon) .elementor-divider-separator{border-top:var(--divider-border-width) var(--divider-border-style) var(--divider-color)}.elementor-widget-divider--separator-type-pattern{--divider-border-style:none}.elementor-widget-divider--separator-type-pattern.elementor-widget-divider--view-line .elementor-divider-separator,.elementor-widget-divider--separator-type-pattern:not(.elementor-widget-divider--view-line) .elementor-divider-separator:after,.elementor-widget-divider--separator-type-pattern:not(.elementor-widget-divider--view-line) .elementor-divider-separator:before,.elementor-widget-divider--separator-type-pattern:not([class*=elementor-widget-divider--view]) .elementor-divider-separator{width:100%;min-height:var(--divider-pattern-height);-webkit-mask-size:var(--divider-pattern-size) 100%;mask-size:var(--divider-pattern-size) 100%;-webkit-mask-repeat:var(--divider-pattern-repeat);mask-repeat:var(--divider-pattern-repeat);background-color:var(--divider-color);-webkit-mask-image:var(--divider-pattern-url);mask-image:var(--divider-pattern-url)}.elementor-widget-divider--no-spacing{--divider-pattern-size:auto}.elementor-widget-divider--bg-round{--divider-pattern-repeat:round}.rtl .elementor-widget-divider .elementor-divider__text{direction:rtl}.e-container>.elementor-widget-divider{width:var(--container-widget-width,100%);-webkit-box-flex:1;-ms-flex-positive:1;flex-grow:1}<\/style>\t\t<div class=\"elementor-divider\">\n\t\t\t<span class=\"elementor-divider-separator\">\n\t\t\t\t\t\t<\/span>\n\t\t<\/div>\n\t\t\t\t<\/div>\n\t\t\t\t<\/div>\n\t\t\t\t\t<\/div>\n\t\t<\/div>\n\t\t\t\t\t\t\t<\/div>\n\t\t<\/section>\n\t\t\t\t<section class=\"elementor-section elementor-inner-section elementor-element elementor-element-eaee483 elementor-section-boxed elementor-section-height-default elementor-section-height-default\" data-id=\"eaee483\" data-element_type=\"section\">\n\t\t\t\t\t\t<div class=\"elementor-container elementor-column-gap-default\">\n\t\t\t\t\t<div class=\"elementor-column elementor-col-100 elementor-inner-column elementor-element elementor-element-60c06e0\" data-id=\"60c06e0\" data-element_type=\"column\">\n\t\t\t<div class=\"elementor-widget-wrap elementor-element-populated\">\n\t\t\t\t\t\t\t\t<div class=\"elementor-element elementor-element-fb2a94b gallery-spacing-custom elementor-widget elementor-widget-image-gallery\" data-id=\"fb2a94b\" data-element_type=\"widget\" data-widget_type=\"image-gallery.default\">\n\t\t\t\t<div class=\"elementor-widget-container\">\n\t\t\t<style>\/*! elementor - v3.7.0 - 08-08-2022 *\/\n.elementor-image-gallery .gallery-item{display:inline-block;text-align:center;vertical-align:top;width:100%;max-width:100%;margin:0 auto}.elementor-image-gallery .gallery-item img{margin:0 auto}.elementor-image-gallery .gallery-item .gallery-caption{margin:0}.elementor-image-gallery figure img{display:block}.elementor-image-gallery figure figcaption{width:100%}.gallery-spacing-custom .elementor-image-gallery .gallery-icon{padding:0}@media (min-width:768px){.elementor-image-gallery .gallery-columns-2 .gallery-item{max-width:50%}.elementor-image-gallery .gallery-columns-3 .gallery-item{max-width:33.33%}.elementor-image-gallery .gallery-columns-4 .gallery-item{max-width:25%}.elementor-image-gallery .gallery-columns-5 .gallery-item{max-width:20%}.elementor-image-gallery .gallery-columns-6 .gallery-item{max-width:16.666%}.elementor-image-gallery .gallery-columns-7 .gallery-item{max-width:14.28%}.elementor-image-gallery .gallery-columns-8 .gallery-item{max-width:12.5%}.elementor-image-gallery .gallery-columns-9 .gallery-item{max-width:11.11%}.elementor-image-gallery .gallery-columns-10 .gallery-item{max-width:10%}}@media (min-width:480px) and (max-width:767px){.elementor-image-gallery .gallery.gallery-columns-2 .gallery-item,.elementor-image-gallery .gallery.gallery-columns-3 .gallery-item,.elementor-image-gallery .gallery.gallery-columns-4 .gallery-item,.elementor-image-gallery .gallery.gallery-columns-5 .gallery-item,.elementor-image-gallery .gallery.gallery-columns-6 .gallery-item,.elementor-image-gallery .gallery.gallery-columns-7 .gallery-item,.elementor-image-gallery .gallery.gallery-columns-8 .gallery-item,.elementor-image-gallery .gallery.gallery-columns-9 .gallery-item,.elementor-image-gallery .gallery.gallery-columns-10 .gallery-item{max-width:50%}}@media (max-width:479px){.elementor-image-gallery .gallery.gallery-columns-2 .gallery-item,.elementor-image-gallery .gallery.gallery-columns-3 .gallery-item,.elementor-image-gallery .gallery.gallery-columns-4 .gallery-item,.elementor-image-gallery .gallery.gallery-columns-5 .gallery-item,.elementor-image-gallery .gallery.gallery-columns-6 .gallery-item,.elementor-image-gallery .gallery.gallery-columns-7 .gallery-item,.elementor-image-gallery .gallery.gallery-columns-8 .gallery-item,.elementor-image-gallery .gallery.gallery-columns-9 .gallery-item,.elementor-image-gallery .gallery.gallery-columns-10 .gallery-item{max-width:100%}}<\/style>\t\t<div class=\"elementor-image-gallery\">\n\t\t\t<div id='gallery-1' class='gallery galleryid-5093 gallery-columns-4 gallery-size-full'><figure class='gallery-item'>\n\t\t\t<div class='gallery-icon portrait'>\n\t\t\t\t<a data-elementor-open-lightbox=\"yes\" data-elementor-lightbox-slideshow=\"fb2a94b\" data-elementor-lightbox-title=\"matger-9001\" e-action-hash=\"#elementor-action%3Aaction%3Dlightbox%26settings%3DeyJpZCI6NTA5NSwidXJsIjoiaHR0cHM6XC9cL21hdGdlci5jb21cL3RyXC93cC1jb250ZW50XC91cGxvYWRzXC9tYXRnZXItOTAwMS5qcGciLCJzbGlkZXNob3ciOiJmYjJhOTRiIn0%3D\" href='https:\/\/matger.com\/tr\/wp-content\/uploads\/matger-9001.jpg'><img decoding=\"async\" width=\"2752\" height=\"3839\" src=\"https:\/\/matger.com\/tr\/wp-content\/uploads\/matger-9001.jpg\" class=\"attachment-full size-full\" alt=\"\" srcset=\"https:\/\/matger.com\/tr\/wp-content\/uploads\/matger-9001.jpg 2752w, https:\/\/matger.com\/tr\/wp-content\/uploads\/matger-9001-215x300.jpg 215w, https:\/\/matger.com\/tr\/wp-content\/uploads\/matger-9001-734x1024.jpg 734w\" sizes=\"(max-width: 2752px) 100vw, 2752px\" itemprop=\"image\" \/><\/a>\n\t\t\t<\/div><\/figure><figure class='gallery-item'>\n\t\t\t<div class='gallery-icon portrait'>\n\t\t\t\t<a data-elementor-open-lightbox=\"yes\" data-elementor-lightbox-slideshow=\"fb2a94b\" data-elementor-lightbox-title=\"matger-14001-imzal\u0131-etiketli\" e-action-hash=\"#elementor-action%3Aaction%3Dlightbox%26settings%3DeyJpZCI6NTA5NiwidXJsIjoiaHR0cHM6XC9cL21hdGdlci5jb21cL3RyXC93cC1jb250ZW50XC91cGxvYWRzXC9tYXRnZXItMTQwMDEtaW16YWxpLWV0aWtldGxpLmpwZyIsInNsaWRlc2hvdyI6ImZiMmE5NGIifQ%3D%3D\" href='https:\/\/matger.com\/tr\/wp-content\/uploads\/matger-14001-imzali-etiketli.jpg'><img decoding=\"async\" width=\"2752\" height=\"3839\" src=\"data:image\/svg+xml,%3Csvg xmlns=&#039;http:\/\/www.w3.org\/2000\/svg&#039; viewBox=&#039;0 0 2752 3839&#039;%3E%3C\/svg%3E\" class=\"attachment-full size-full ld-lazyload\" alt=\"\" itemprop=\"image\" data-src=\"https:\/\/matger.com\/tr\/wp-content\/uploads\/matger-14001-imzali-etiketli.jpg\" data-srcset=\"https:\/\/matger.com\/tr\/wp-content\/uploads\/matger-14001-imzali-etiketli.jpg 2752w, https:\/\/matger.com\/tr\/wp-content\/uploads\/matger-14001-imzali-etiketli-215x300.jpg 215w, https:\/\/matger.com\/tr\/wp-content\/uploads\/matger-14001-imzali-etiketli-734x1024.jpg 734w\" data-sizes=\"(max-width: 2752px) 100vw, 2752px\" data-aspect=\"0.71685334722584\" \/><\/a>\n\t\t\t<\/div><\/figure><figure class='gallery-item'>\n\t\t\t<div class='gallery-icon portrait'>\n\t\t\t\t<a data-elementor-open-lightbox=\"yes\" data-elementor-lightbox-slideshow=\"fb2a94b\" data-elementor-lightbox-title=\"matger-45001-imzal\u0131-etiketli\" e-action-hash=\"#elementor-action%3Aaction%3Dlightbox%26settings%3DeyJpZCI6NTA5NywidXJsIjoiaHR0cHM6XC9cL21hdGdlci5jb21cL3RyXC93cC1jb250ZW50XC91cGxvYWRzXC9tYXRnZXItNDUwMDEtaW16YWxpLWV0aWtldGxpLmpwZyIsInNsaWRlc2hvdyI6ImZiMmE5NGIifQ%3D%3D\" href='https:\/\/matger.com\/tr\/wp-content\/uploads\/matger-45001-imzali-etiketli.jpg'><img decoding=\"async\" width=\"2752\" height=\"3839\" src=\"data:image\/svg+xml,%3Csvg xmlns=&#039;http:\/\/www.w3.org\/2000\/svg&#039; viewBox=&#039;0 0 2752 3839&#039;%3E%3C\/svg%3E\" class=\"attachment-full size-full ld-lazyload\" alt=\"\" itemprop=\"image\" data-src=\"https:\/\/matger.com\/tr\/wp-content\/uploads\/matger-45001-imzali-etiketli.jpg\" data-srcset=\"https:\/\/matger.com\/tr\/wp-content\/uploads\/matger-45001-imzali-etiketli.jpg 2752w, https:\/\/matger.com\/tr\/wp-content\/uploads\/matger-45001-imzali-etiketli-215x300.jpg 215w, https:\/\/matger.com\/tr\/wp-content\/uploads\/matger-45001-imzali-etiketli-734x1024.jpg 734w\" data-sizes=\"(max-width: 2752px) 100vw, 2752px\" data-aspect=\"0.71685334722584\" \/><\/a>\n\t\t\t<\/div><\/figure><figure class='gallery-item'>\n\t\t\t<div class='gallery-icon portrait'>\n\t\t\t\t<a data-elementor-open-lightbox=\"yes\" data-elementor-lightbox-slideshow=\"fb2a94b\" data-elementor-lightbox-title=\"VERTA-ISO 22000-MATGER MATBAACILIK REKLAM VE AMBALAJ\" e-action-hash=\"#elementor-action%3Aaction%3Dlightbox%26settings%3DeyJpZCI6NTA5OCwidXJsIjoiaHR0cHM6XC9cL21hdGdlci5jb21cL3RyXC93cC1jb250ZW50XC91cGxvYWRzXC9WRVJUQS1JU08tMjIwMDAtTUFUR0VSLU1BVEJBQUNJTElLLVJFS0xBTS1WRS1BTUJBTEFKLmpwZyIsInNsaWRlc2hvdyI6ImZiMmE5NGIifQ%3D%3D\" href='https:\/\/matger.com\/tr\/wp-content\/uploads\/VERTA-ISO-22000-MATGER-MATBAACILIK-REKLAM-VE-AMBALAJ.jpg'><img decoding=\"async\" width=\"850\" height=\"1170\" src=\"data:image\/svg+xml,%3Csvg xmlns=&#039;http:\/\/www.w3.org\/2000\/svg&#039; viewBox=&#039;0 0 850 1170&#039;%3E%3C\/svg%3E\" class=\"attachment-full size-full ld-lazyload\" alt=\"\" itemprop=\"image\" data-src=\"https:\/\/matger.com\/tr\/wp-content\/uploads\/VERTA-ISO-22000-MATGER-MATBAACILIK-REKLAM-VE-AMBALAJ.jpg\" data-srcset=\"https:\/\/matger.com\/tr\/wp-content\/uploads\/VERTA-ISO-22000-MATGER-MATBAACILIK-REKLAM-VE-AMBALAJ.jpg 850w, https:\/\/matger.com\/tr\/wp-content\/uploads\/VERTA-ISO-22000-MATGER-MATBAACILIK-REKLAM-VE-AMBALAJ-218x300.jpg 218w, https:\/\/matger.com\/tr\/wp-content\/uploads\/VERTA-ISO-22000-MATGER-MATBAACILIK-REKLAM-VE-AMBALAJ-744x1024.jpg 744w\" data-sizes=\"(max-width: 850px) 100vw, 850px\" data-aspect=\"0.72649572649573\" \/><\/a>\n\t\t\t<\/div><\/figure>\n\t\t<\/div>\n\t\t<\/div>\n\t\t\t\t<\/div>\n\t\t\t\t<\/div>\n\t\t\t\t\t<\/div>\n\t\t<\/div>\n\t\t\t\t\t\t\t<\/div>\n\t\t<\/section>\n\t\t\t\t\t<\/div>\n\t\t<\/div>\n\t\t\t\t\t\t\t<\/div>\n\t\t<\/section>\n\t\t\t\t\t\t\t<\/div>\n\t\t","protected":false},"excerpt":{"rendered":"<p>Kalite Belgelerimiz Kurumsal Hakk\u0131m\u0131zda Kalite Belgelerimiz Kalite Politikalar\u0131m\u0131z \u0130nsan Kaynaklar\u0131 KVKK Ayd\u0131nlatma Metni Kalite Belgelerimiz<\/p>\n","protected":false},"author":1,"featured_media":0,"parent":0,"menu_order":0,"comment_status":"closed","ping_status":"closed","template":"","meta":{"footnotes":""},"class_list":["post-5093","page","type-page","status-publish","hentry"],"_links":{"self":[{"href":"https:\/\/matger.com\/tr\/wp-json\/wp\/v2\/pages\/5093","targetHints":{"allow":["GET"]}}],"collection":[{"href":"https:\/\/matger.com\/tr\/wp-json\/wp\/v2\/pages"}],"about":[{"href":"https:\/\/matger.com\/tr\/wp-json\/wp\/v2\/types\/page"}],"author":[{"embeddable":true,"href":"https:\/\/matger.com\/tr\/wp-json\/wp\/v2\/users\/1"}],"replies":[{"embeddable":true,"href":"https:\/\/matger.com\/tr\/wp-json\/wp\/v2\/comments?post=5093"}],"version-history":[{"count":7,"href":"https:\/\/matger.com\/tr\/wp-json\/wp\/v2\/pages\/5093\/revisions"}],"predecessor-version":[{"id":5104,"href":"https:\/\/matger.com\/tr\/wp-json\/wp\/v2\/pages\/5093\/revisions\/5104"}],"wp:attachment":[{"href":"https:\/\/matger.com\/tr\/wp-json\/wp\/v2\/media?parent=5093"}],"curies":[{"name":"wp","href":"https:\/\/api.w.org\/{rel}","templated":true}]}}